{"id":2474,"date":"2024-10-26T02:56:46","date_gmt":"2024-10-26T01:56:46","guid":{"rendered":"https:\/\/waizy.pro\/product\/marke-hub\/"},"modified":"2025-09-19T14:35:41","modified_gmt":"2025-09-19T13:35:41","slug":"marke-hub","status":"publish","type":"product","link":"https:\/\/waizy.pro\/de\/product\/marke-hub\/","title":{"rendered":"Marke Hub"},"content":{"rendered":"\n<p><strong>Brand Hub: Zentralisierte Daten f\u00fcr intelligentes Kundenengagement<\/strong><\/p>\n\n<p>Der Brand Hub von Waizy.Pro ist die ultimative L\u00f6sung f\u00fcr Unternehmen, die hyper-personalisierte, kontextbezogene Kundenerlebnisse bieten m\u00f6chten. Unser leistungsstarker Brand Hub zentralisiert die wichtigsten Daten Ihrer Marke und erm\u00f6glicht es KI-gesteuerten Agenten, nahtlos und intelligent mit Kunden zu interagieren. Ver\u00e4ndern Sie die Art und Weise, wie Kunden mit Ihrer Marke in Kontakt treten, durch eine zentralisierte Plattform, die darauf ausgelegt ist, die Kundeninteraktion an jedem Touchpoint zu optimieren.  <\/p>\n\n<h3 class=\"wp-block-heading\">Warum Brand Hub f\u00fcr Ihr Unternehmen w\u00e4hlen?<\/h3>\n\n<p><strong>Der Unterschied von Brand Hub<\/strong><br\/>In einer Welt, in der Personalisierung der Schl\u00fcssel zum Erfolg ist, bietet Brand Hub von Waizy.Pro eine datenreiche Grundlage f\u00fcr KI-gest\u00fctzte Dialogagenten. Durch die Integration und Synchronisierung wichtiger Markendaten wie Kundeninteraktionen, Kaufhistorie und Webverhalten erm\u00f6glicht Brand Hub eine koh\u00e4rentere, aussagekr\u00e4ftige Customer Journey. Verabschieden Sie sich von generischen Interaktionen und begr\u00fc\u00dfen Sie individuelle Erlebnisse, bei denen sich Ihre Kunden wirklich verstanden f\u00fchlen.  <\/p>\n\n<h3 class=\"wp-block-heading\">Wie Brand Hub funktioniert<\/h3>\n\n<ol class=\"wp-block-list\">\n<li><strong>Zentralisiertes Daten-Repository<\/strong>\n<ul class=\"wp-block-list\">\n<li>Speichern Sie wichtige Markeninformationen &#8211; Produktkataloge, Kundenprofile, Bestellhistorien und Erkenntnisse \u00fcber das Engagement &#8211; an einem sicheren Ort.<\/li>\n\n\n\n<li>Integrieren Sie Daten aus verschiedenen Quellen, einschlie\u00dflich CRM, ERP und Plattformen von Drittanbietern, um sicherzustellen, dass Ihre KI-Vertriebsmitarbeiter \u00fcber die aktuellsten Informationen verf\u00fcgen.<\/li>\n<\/ul>\n<\/li>\n\n\n\n<li><strong>KI-gesteuerte Kundeneinblicke<\/strong>\n<ul class=\"wp-block-list\">\n<li>Nutzen Sie die fortschrittliche KI von Waizy.Pro, um Kundendaten effektiv zu analysieren und zu nutzen. Von Vorlieben bis hin zum Kaufverhalten liefert Brand Hub verwertbare Erkenntnisse, die ma\u00dfgeschneiderte und relevante Interaktionen erm\u00f6glichen. <\/li>\n<\/ul>\n<\/li>\n\n\n\n<li><strong>Dynamische Kundenprofile<\/strong>\n<ul class=\"wp-block-list\">\n<li>Mit Brand Hub informiert und bereichert jede Interaktion das Kundenprofil. So entsteht eine 360-Grad-Sicht auf jeden Kunden, die mit jeder Interaktion intelligenter wird.<\/li>\n\n\n\n<li>Erm\u00f6glichen Sie proaktive Empfehlungen, personalisierte Angebote und gezielte Botschaften, die bei Ihrer Zielgruppe ankommen.<\/li>\n<\/ul>\n<\/li>\n\n\n\n<li><strong>Kontextabh\u00e4ngige Konversationen<\/strong>\n<ul class=\"wp-block-list\">\n<li>Mit der Leistungsf\u00e4higkeit von ChatGPT und Googles Vertex AI bef\u00e4higt Brand Hub KI-Vertriebsagenten, Kunden in Echtzeit anzusprechen, sich an den situativen Kontext anzupassen und auf der Grundlage der Kundenabsicht zu reagieren.<\/li>\n<\/ul>\n<\/li>\n<\/ol>\n\n<h3 class=\"wp-block-heading\">Hauptmerkmale von Brand Hub<\/h3>\n\n<ul class=\"wp-block-list\">\n<li><strong>Einheitliche Kundendaten<\/strong>\n<ul class=\"wp-block-list\">\n<li>Konsolidieren Sie Kundeninteraktionen, Web-Ereignisse und Transaktionsprotokolle f\u00fcr ein nahtloses Erlebnis \u00fcber alle Kan\u00e4le hinweg.<\/li>\n<\/ul>\n<\/li>\n\n\n\n<li><strong>Intelligente Produktempfehlungen<\/strong>\n<ul class=\"wp-block-list\">\n<li>Nutzen Sie die ML-Algorithmen von Google, um Produkte vorzuschlagen, die den Interessen Ihrer Kunden entsprechen, und steigern Sie so Engagement und Konversionen.<\/li>\n<\/ul>\n<\/li>\n\n\n\n<li><strong>Nahtlose Integration<\/strong>\n<ul class=\"wp-block-list\">\n<li>Verbinden Sie sich mit Plattformen wie Shopify, ERP, CRM und mehr und machen Sie Brand Hub zum zentralen Knotenpunkt Ihres Daten\u00f6kosystems.<\/li>\n<\/ul>\n<\/li>\n\n\n\n<li><strong>Automatisierte Kundenprofile<\/strong>\n<ul class=\"wp-block-list\">\n<li>Datenerfassung und -aktualisierung in Echtzeit erm\u00f6glichen ein dynamisches Profiling f\u00fcr ma\u00dfgeschneiderte Erlebnisse.<\/li>\n<\/ul>\n<\/li>\n\n\n\n<li><strong>Robuste Sicherheit &amp; Compliance<\/strong>\n<ul class=\"wp-block-list\">\n<li>Gew\u00e4hrleisten Sie den Schutz der Kundendaten mit erstklassigen Sicherheitsprotokollen und Compliance-Standards.<\/li>\n<\/ul>\n<\/li>\n<\/ul>\n\n<h3 class=\"wp-block-heading\">Vorteile der Nutzung von Brand Hub<\/h3>\n\n<ol class=\"wp-block-list\">\n<li><strong>Verbesserte Personalisierung<\/strong><br\/>Brand Hub zentralisiert Daten, damit Ihre KI-Verkaufsagenten jedem Kunden ein personalisiertes Erlebnis bieten k\u00f6nnen. Jede Interaktion wird optimiert, um die einzigartigen Vorlieben jedes Kunden und seine bisherigen Interaktionen mit Ihrer Marke zu ber\u00fccksichtigen. <\/li>\n\n\n\n<li><strong>H\u00f6here Kundenbindung und Loyalit\u00e4t<\/strong><br\/>Kunden kehren zu Marken zur\u00fcck, die sie verstehen. Mit Brand Hub sind Sie in der Lage, ansprechende Erlebnisse zu schaffen, die die Loyalit\u00e4t Ihrer Kunden f\u00f6rdern, indem Sie ihnen das bieten, was sie wollen &#8211; und zwar genau dann, wenn sie es brauchen. <\/li>\n\n\n\n<li><strong>Optimiertes Datenmanagement<\/strong><br\/>Die Verwaltung von Kundendaten aus verschiedenen Quellen kann komplex sein. Brand Hub vereinfacht dies, indem es alles an einem Ort zusammenf\u00fchrt. So sparen Sie Zeit und verbessern die Datengenauigkeit. <\/li>\n\n\n\n<li><strong>Verwertbare Einblicke f\u00fcr kl\u00fcgere Entscheidungen<\/strong><br\/>Mit den in das Waizy.Pro Dashboard integrierten Analysen und Berichten bietet Brand Hub Einblicke in das Kundenverhalten, beliebte Produkte und Trends. Nutzen Sie diese Einblicke, um Ihre Marketing-, Vertriebs- und Supportstrategien zu optimieren. <\/li>\n<\/ol>\n\n<h3 class=\"wp-block-heading\">H\u00e4ufig gestellte Fragen zu Brand Hub<\/h3>\n\n<p><strong>F: Wie gew\u00e4hrleistet Brand Hub die Datensicherheit?<\/strong><br\/>A: Brand Hub verwendet fortschrittliche Verschl\u00fcsselungs- und Zugriffskontrollfunktionen, um Ihre Kundendaten zu sch\u00fctzen, und h\u00e4lt sich dabei an die GDPR und andere gesetzliche Standards.<\/p>\n\n<p><strong>F: Welche Arten von Daten k\u00f6nnen in Brand Hub zentralisiert werden?<\/strong><br\/>A: Brand Hub integriert eine Reihe von Daten, darunter Produktkataloge, Kundenprofile, Bestellhistorien, Web-Events und andere wichtige Daten f\u00fcr eine verbesserte Kundenbindung.<\/p>\n\n<p><strong>F: Ist Brand Hub mit meinen aktuellen CRM- und ERP-Systemen kompatibel?<\/strong><br\/>A: Ja! Brand Hub l\u00e4sst sich nahtlos in g\u00e4ngige CRMs, ERPs, eCommerce-Plattformen und Tools von Drittanbietern integrieren und sorgt so f\u00fcr ein koh\u00e4rentes und einheitliches Datenerlebnis. <\/p>\n\n<h3 class=\"wp-block-heading\">Beginnen Sie Ihre Reise mit Waizy.Pro&#8217;s Brand Hub<\/h3>\n\n<p>Transformieren Sie Ihre Kundeninteraktionen mit der intelligenten, datengesteuerten Leistung von Brand Hub. Mit Waizy.Pro kann Ihre Marke wirklich personalisierte Erlebnisse schaffen, die Engagement, Loyalit\u00e4t und Zufriedenheit f\u00f6rdern. <\/p>\n\n<p><strong>M\u00f6chten Sie Brand Hub in Aktion sehen? [Heute eine Demo anfordern] <\/strong><\/p>\n","protected":false},"featured_media":0,"template":"","meta":{"site-sidebar-layout":"default","site-content-layout":"","ast-site-content-layout":"default","site-content-style":"default","site-sidebar-style":"default","ast-global-header-display":"","ast-banner-title-visibility":"","ast-main-header-display":"","ast-hfb-above-header-display":"","ast-hfb-below-header-display":"","ast-hfb-mobile-header-display":"","site-post-title":"","ast-breadcrumbs-content":"","ast-featured-img":"","footer-sml-layout":"","ast-disable-related-posts":"","theme-transparent-header-meta":"","adv-header-id-meta":"","stick-header-meta":"","header-above-stick-meta":"","header-main-stick-meta":"","header-below-stick-meta":"","astra-migrate-meta-layouts":"default","ast-page-background-enabled":"default","ast-page-background-meta":{"desktop":{"background-color":"var(--ast-global-color-4)","background-image":"","background-repeat":"repeat","background-position":"center center","background-size":"auto","background-attachment":"scroll","background-type":"","background-media":"","overlay-type":"","overlay-color":"","overlay-opacity":"","overlay-gradient":""},"tablet":{"background-color":"","background-image":"","background-repeat":"repeat","background-position":"center center","background-size":"auto","background-attachment":"scroll","background-type":"","background-media":"","overlay-type":"","overlay-color":"","overlay-opacity":"","overlay-gradient":""},"mobile":{"background-color":"","background-image":"","background-repeat":"repeat","background-position":"center center","background-size":"auto","background-attachment":"scroll","background-type":"","background-media":"","overlay-type":"","overlay-color":"","overlay-opacity":"","overlay-gradient":""}},"ast-content-background-meta":{"desktop":{"background-color":"var(--ast-global-color-5)","background-image":"","background-repeat":"repeat","background-position":"center center","background-size":"auto","background-attachment":"scroll","background-type":"","background-media":"","overlay-type":"","overlay-color":"","overlay-opacity":"","overlay-gradient":""},"tablet":{"background-color":"var(--ast-global-color-5)","background-image":"","background-repeat":"repeat","background-position":"center center","background-size":"auto","background-attachment":"scroll","background-type":"","background-media":"","overlay-type":"","overlay-color":"","overlay-opacity":"","overlay-gradient":""},"mobile":{"background-color":"var(--ast-global-color-5)","background-image":"","background-repeat":"repeat","background-position":"center center","background-size":"auto","background-attachment":"scroll","background-type":"","background-media":"","overlay-type":"","overlay-color":"","overlay-opacity":"","overlay-gradient":""}}},"class_list":["post-2474","product","type-product","status-publish","hentry"],"_links":{"self":[{"href":"https:\/\/waizy.pro\/de\/wp-json\/wp\/v2\/product\/2474","targetHints":{"allow":["GET"]}}],"collection":[{"href":"https:\/\/waizy.pro\/de\/wp-json\/wp\/v2\/product"}],"about":[{"href":"https:\/\/waizy.pro\/de\/wp-json\/wp\/v2\/types\/product"}],"version-history":[{"count":1,"href":"https:\/\/waizy.pro\/de\/wp-json\/wp\/v2\/product\/2474\/revisions"}],"predecessor-version":[{"id":2476,"href":"https:\/\/waizy.pro\/de\/wp-json\/wp\/v2\/product\/2474\/revisions\/2476"}],"wp:attachment":[{"href":"https:\/\/waizy.pro\/de\/wp-json\/wp\/v2\/media?parent=2474"}],"curies":[{"name":"wp","href":"https:\/\/api.w.org\/{rel}","templated":true}]}}