{"id":2477,"date":"2024-10-26T02:57:42","date_gmt":"2024-10-26T01:57:42","guid":{"rendered":"https:\/\/waizy.pro\/product\/konversationelle-ki\/"},"modified":"2025-09-19T14:38:02","modified_gmt":"2025-09-19T13:38:02","slug":"konversationelle-ki","status":"publish","type":"product","link":"https:\/\/waizy.pro\/de\/product\/konversationelle-ki\/","title":{"rendered":"Konversationelle KI"},"content":{"rendered":"\n<p><strong>KI im Gespr\u00e4ch: Verbessern Sie die Kundenbindung mit intelligenten Echtzeit-Interaktionen<\/strong><\/p>\n\n<p>In einer digitalen Welt, in der das Kundenerlebnis den Erfolg einer Marke bestimmt, bietet die Conversational AI von Waizy.Pro einen revolution\u00e4ren Ansatz f\u00fcr die Kundenbindung. Mit hochmodernen KI-gesteuerten Interaktionen, die auf ChatGPT und Googles Vertex AI basieren, erm\u00f6glicht Waizy.Pro Ihrem Unternehmen, personalisierte, kontextbezogene Konversationen zu f\u00fchren, die die Erwartungen Ihrer Kunden \u00fcbertreffen und zu besseren Ergebnissen f\u00fchren. <\/p>\n\n<h3 class=\"wp-block-heading\">Was ist Conversational AI?<\/h3>\n\n<p>Konversationelle KI ist eine Mischung aus fortschrittlicher nat\u00fcrlicher Sprachverarbeitung (NLP), maschinellem Lernen und Deep-Learning-Technologien, die es digitalen Agenten erm\u00f6glichen, Kunden in menschen\u00e4hnlichen Konversationen zu verstehen und einzubeziehen. Im Gegensatz zu herk\u00f6mmlichen Chatbots interpretiert die Conversational AI von Waizy.Pro den Kontext, die Absicht und sogar die Stimmung und macht jede Interaktion so einzigartig wie Ihren Kunden. <\/p>\n\n<h3 class=\"wp-block-heading\">Warum sollten Sie sich f\u00fcr die konversationelle KI von Waizy.Pro entscheiden?<\/h3>\n\n<ol class=\"wp-block-list\">\n<li><strong>Kundenerlebnisse wie bei einem Menschen<\/strong><br\/>Dank branchenf\u00fchrender KI-Technologie schafft unsere Conversational AI Interaktionen, die sich pers\u00f6nlich, nat\u00fcrlich und unterst\u00fctzend anf\u00fchlen. Das bedeutet keine frustrierenden, roboterhaften Antworten mehr, sondern reibungslose, intelligente Gespr\u00e4che, die die Beziehung zwischen Ihrer Marke und Ihren Kunden st\u00e4rken. <\/li>\n\n\n\n<li><strong>24\/7-Verf\u00fcgbarkeit mit Echtzeit-Antworten<\/strong><br\/>Treffen Sie Ihre Kunden, wann immer sie sich melden. Mit der konversationellen KI von Waizy.Pro kann Ihre Marke sofortigen Support und Beratung anbieten und sicherstellen, dass Ihre Kunden jederzeit und \u00fcberall die Hilfe erhalten, die sie ben\u00f6tigen. <\/li>\n\n\n\n<li><strong>Skalierbares und anpassungsf\u00e4higes Engagement<\/strong><br\/>Egal, ob Sie Hunderte oder Tausende von Anfragen verwalten, die Conversational AI von Waizy.Pro skaliert mit Ihrem Unternehmen und passt sich den unterschiedlichen Kundenbed\u00fcrfnissen in den Bereichen Support, Vertrieb und personalisiertes Marketing an.<\/li>\n<\/ol>\n\n<h3 class=\"wp-block-heading\">Wie konversationelle KI funktioniert<\/h3>\n\n<ol class=\"wp-block-list\">\n<li><strong>Nat\u00fcrliches Sprachverstehen (NLU)<\/strong>\n<ul class=\"wp-block-list\">\n<li>Die Konversations-KI von Waizy.Pro nutzt NLU, um Kundenanfragen zu verstehen und Schl\u00fcsselw\u00f6rter, Kontext und sogar Stimmungen zu analysieren, um pr\u00e4zise zu antworten.<\/li>\n\n\n\n<li>Mit einem tiefen Verst\u00e4ndnis der Kundenabsicht kann die KI komplexe, mehrstufige Anfragen bearbeiten, ohne den Kontext aus den Augen zu verlieren.<\/li>\n<\/ul>\n<\/li>\n\n\n\n<li><strong>Personalisierte Antworten<\/strong>\n<ul class=\"wp-block-list\">\n<li>Die in Brand Hub integrierte Conversational AI nutzt Daten von Erstanbietern, um Antworten zu liefern, die auf das einzigartige Profil und die Vorlieben jedes Kunden zugeschnitten sind.<\/li>\n\n\n\n<li>Von personalisierten Produktempfehlungen bis hin zu ma\u00dfgeschneiderten Angeboten wird jede Interaktion auf Relevanz optimiert.<\/li>\n<\/ul>\n<\/li>\n\n\n\n<li><strong>Kontinuierliches Lernen<\/strong>\n<ul class=\"wp-block-list\">\n<li>Durch maschinelles Lernen verbessert sich die Konversations-KI von Waizy.Pro kontinuierlich, indem sie vergangene Interaktionen analysiert, ihre Antworten verfeinert und mit der Zeit immer intelligenter wird.<\/li>\n\n\n\n<li>Das bedeutet, dass Ihr KI-gest\u00fctztes Kundenengagement nur noch besser und effizienter wird, da es aus jedem Gespr\u00e4ch lernt.<\/li>\n<\/ul>\n<\/li>\n<\/ol>\n\n<h3 class=\"wp-block-heading\">Hauptmerkmale der konversationellen KI von Waizy.Pro<\/h3>\n\n<ul class=\"wp-block-list\">\n<li><strong>Kontextabh\u00e4ngige Konversationen<\/strong>\n<ul class=\"wp-block-list\">\n<li>Im Gegensatz zu generischen Chatbots passt sich unsere Conversational AI dem Gespr\u00e4chsfluss an und sorgt so f\u00fcr Kontinuit\u00e4t und Relevanz bei jedem Austausch.<\/li>\n<\/ul>\n<\/li>\n\n\n\n<li><strong>Plattform\u00fcbergreifende Integration<\/strong>\n<ul class=\"wp-block-list\">\n<li>Integrieren Sie nahtlos in CRM-, ERP- und andere Systeme, um wichtige Kundendaten zu erfassen und so jedes Gespr\u00e4ch zu bereichern.<\/li>\n<\/ul>\n<\/li>\n\n\n\n<li><strong>Mehrsprachige Unterst\u00fctzung<\/strong>\n<ul class=\"wp-block-list\">\n<li>Sprechen Sie Kunden in ihrer bevorzugten Sprache mit mehrsprachigem Support an und sorgen Sie so f\u00fcr ein einheitliches Erlebnis f\u00fcr alle globalen Zielgruppen.<\/li>\n<\/ul>\n<\/li>\n\n\n\n<li><strong>KI-unterst\u00fctzte Empfehlungen<\/strong>\n<ul class=\"wp-block-list\">\n<li>Nutzen Sie das maschinelle Lernen von Google, um Produkte auf der Grundlage des Browserverlaufs, fr\u00fcherer Eink\u00e4ufe und individueller Vorlieben zu empfehlen.<\/li>\n<\/ul>\n<\/li>\n<\/ul>\n\n<h3 class=\"wp-block-heading\">Vorteile der konversationellen KI von Waizy.Pro<\/h3>\n\n<ol class=\"wp-block-list\">\n<li><strong>Verbesserte Kundenzufriedenheit<\/strong><br\/>Durch relevante Interaktionen in Echtzeit erhalten Kunden schneller die Hilfe, die sie ben\u00f6tigen, was zu einer h\u00f6heren Zufriedenheit und Loyalit\u00e4t f\u00fchrt.<\/li>\n\n\n\n<li><strong>H\u00f6here Effizienz f\u00fcr Vertriebs- und Supportteams<\/strong><br\/>Automatisieren Sie die Beantwortung g\u00e4ngiger Anfragen, so dass Ihre Support- und Vertriebsteams mehr Zeit f\u00fcr die Bearbeitung komplexer F\u00e4lle und strategischer Aufgaben haben.<\/li>\n\n\n\n<li><strong>Verbesserte Konversionsraten<\/strong><br\/>Mit intelligenten, personalisierten Empfehlungen verwandelt Conversational AI gelegentliche Besucher in loyale Kunden und steigert so Ihre Konversionsraten.<\/li>\n\n\n\n<li><strong>Insight-Driven Optimization<\/strong><br\/>Greifen Sie auf die Konversationsanalyse zu, um Trends, h\u00e4ufig gestellte Fragen und die Stimmung der Kunden zu verfolgen, damit Sie Ihren Ansatz kontinuierlich verfeinern k\u00f6nnen.<\/li>\n<\/ol>\n\n<h3 class=\"wp-block-heading\">H\u00e4ufig gestellte Fragen zu Conversational AI<\/h3>\n\n<p><strong>F: Wie unterscheidet sich Conversational AI von einem Standard-Chatbot?<\/strong><br\/>A: W\u00e4hrend Chatbots oft geskripteten Antworten folgen, nutzt die Konversations-KI von Waizy.Pro fortschrittliche NLU und maschinelles Lernen, um Kundenanfragen mit Genauigkeit, Kontext und Relevanz zu interpretieren.<\/p>\n\n<p><strong>F: L\u00e4sst sich Conversational AI an den Ton meiner Marke anpassen?<\/strong><br\/>A: Ja! Die Konversations-KI von Waizy.Pro kann so angepasst werden, dass sie die Stimme Ihrer Marke widerspiegelt und die Konsistenz bei allen Kundeninteraktionen gew\u00e4hrleistet. <\/p>\n\n<p><strong>F: Kann Conversational AI mehrere Sprachen verarbeiten?<\/strong><br\/>A: Auf jeden Fall. Die Konversations-KI von Waizy.Pro bietet mehrsprachige Unterst\u00fctzung und ist damit ideal f\u00fcr Marken mit einem globalen Kundenstamm. <\/p>\n\n<h3 class=\"wp-block-heading\">Bringen Sie die Kundenbindung mit Conversational AI auf die n\u00e4chste Stufe<\/h3>\n\n<p>Die Conversational AI von Waizy.Pro ist mehr als nur ein Support-Tool &#8211; sie ist eine umfassende L\u00f6sung f\u00fcr das Kundenerlebnis. F\u00f6rdern Sie Zufriedenheit, Loyalit\u00e4t und Konversionen mit intelligenten, menschen\u00e4hnlichen Interaktionen, die Ihre Marke rund um die Uhr mit Ihren Kunden in Verbindung halten. <\/p>\n\n<p><strong>Sind Sie bereit, die Zukunft der Kundenbindung zu erleben? [Heute eine Demo anfordern] <\/strong><\/p>\n","protected":false},"featured_media":0,"template":"","meta":{"site-sidebar-layout":"default","site-content-layout":"","ast-site-content-layout":"default","site-content-style":"default","site-sidebar-style":"default","ast-global-header-display":"","ast-banner-title-visibility":"","ast-main-header-display":"","ast-hfb-above-header-display":"","ast-hfb-below-header-display":"","ast-hfb-mobile-header-display":"","site-post-title":"","ast-breadcrumbs-content":"","ast-featured-img":"","footer-sml-layout":"","ast-disable-related-posts":"","theme-transparent-header-meta":"","adv-header-id-meta":"","stick-header-meta":"","header-above-stick-meta":"","header-main-stick-meta":"","header-below-stick-meta":"","astra-migrate-meta-layouts":"default","ast-page-background-enabled":"default","ast-page-background-meta":{"desktop":{"background-color":"var(--ast-global-color-4)","background-image":"","background-repeat":"repeat","background-position":"center center","background-size":"auto","background-attachment":"scroll","background-type":"","background-media":"","overlay-type":"","overlay-color":"","overlay-opacity":"","overlay-gradient":""},"tablet":{"background-color":"","background-image":"","background-repeat":"repeat","background-position":"center center","background-size":"auto","background-attachment":"scroll","background-type":"","background-media":"","overlay-type":"","overlay-color":"","overlay-opacity":"","overlay-gradient":""},"mobile":{"background-color":"","background-image":"","background-repeat":"repeat","background-position":"center center","background-size":"auto","background-attachment":"scroll","background-type":"","background-media":"","overlay-type":"","overlay-color":"","overlay-opacity":"","overlay-gradient":""}},"ast-content-background-meta":{"desktop":{"background-color":"var(--ast-global-color-5)","background-image":"","background-repeat":"repeat","background-position":"center center","background-size":"auto","background-attachment":"scroll","background-type":"","background-media":"","overlay-type":"","overlay-color":"","overlay-opacity":"","overlay-gradient":""},"tablet":{"background-color":"var(--ast-global-color-5)","background-image":"","background-repeat":"repeat","background-position":"center center","background-size":"auto","background-attachment":"scroll","background-type":"","background-media":"","overlay-type":"","overlay-color":"","overlay-opacity":"","overlay-gradient":""},"mobile":{"background-color":"var(--ast-global-color-5)","background-image":"","background-repeat":"repeat","background-position":"center center","background-size":"auto","background-attachment":"scroll","background-type":"","background-media":"","overlay-type":"","overlay-color":"","overlay-opacity":"","overlay-gradient":""}}},"class_list":["post-2477","product","type-product","status-publish","hentry"],"_links":{"self":[{"href":"https:\/\/waizy.pro\/de\/wp-json\/wp\/v2\/product\/2477","targetHints":{"allow":["GET"]}}],"collection":[{"href":"https:\/\/waizy.pro\/de\/wp-json\/wp\/v2\/product"}],"about":[{"href":"https:\/\/waizy.pro\/de\/wp-json\/wp\/v2\/types\/product"}],"version-history":[{"count":1,"href":"https:\/\/waizy.pro\/de\/wp-json\/wp\/v2\/product\/2477\/revisions"}],"predecessor-version":[{"id":2479,"href":"https:\/\/waizy.pro\/de\/wp-json\/wp\/v2\/product\/2477\/revisions\/2479"}],"wp:attachment":[{"href":"https:\/\/waizy.pro\/de\/wp-json\/wp\/v2\/media?parent=2477"}],"curies":[{"name":"wp","href":"https:\/\/api.w.org\/{rel}","templated":true}]}}