{"id":2480,"date":"2024-11-05T14:00:18","date_gmt":"2024-11-05T13:00:18","guid":{"rendered":"https:\/\/waizy.pro\/product\/posteingang-ki-zusammenfassungen\/"},"modified":"2025-09-19T14:38:33","modified_gmt":"2025-09-19T13:38:33","slug":"posteingang-ki-zusammenfassungen","status":"publish","type":"product","link":"https:\/\/waizy.pro\/de\/product\/posteingang-ki-zusammenfassungen\/","title":{"rendered":"Posteingang &amp; KI-Zusammenfassungen"},"content":{"rendered":"\n<p><strong>Posteingang mit KI-Zusammenfassungen: Optimierte Kundengespr\u00e4che &amp; intelligente Zusammenfassungen<\/strong><\/p>\n\n<p>Verwalten Sie Kundeninteraktionen m\u00fchelos mit der Inbox von Waizy.Pro mit KI-Zusammenfassungen. Unser intelligenter Posteingang bietet einen zentralen \u00dcberblick \u00fcber alle Konversationen und verfolgt nicht nur jede Kundeninteraktion, sondern erstellt auch KI-gest\u00fctzte Zusammenfassungen f\u00fcr schnelle Einblicke und effiziente Folgema\u00dfnahmen. Vereinfachen Sie den Kundensupport, verbessern Sie die Reaktionszeiten und greifen Sie auf wichtige Erkenntnisse zu &#8211; alles \u00fcber ein intuitives Dashboard.  <\/p>\n\n<h3 class=\"wp-block-heading\">Warum sollten Sie den Posteingang von Waizy.Pro mit KI-Zusammenfassungen verwenden?<\/h3>\n\n<p><strong>Effiziente Verwaltung von Kundengespr\u00e4chen in Echtzeit<\/strong><br\/>Die Inbox-Funktion von Waizy.Pro sorgt daf\u00fcr, dass jedes Kundengespr\u00e4ch gespeichert, organisiert und leicht zug\u00e4nglich ist. Mit KI-generierten Zusammenfassungen erhalten Sie einen schnellen \u00dcberblick \u00fcber jede Interaktion, so dass Ihr Team informiert bleibt, schneller reagieren und sich auf das konzentrieren kann, was wirklich wichtig ist: die Schaffung sinnvoller Beziehungen zu Ihren Kunden. <\/p>\n\n<h3 class=\"wp-block-heading\">Hauptfunktionen von Inbox mit AI-Zusammenfassungen<\/h3>\n\n<ol class=\"wp-block-list\">\n<li><strong>Zentralisierte Konversationszentrale<\/strong>\n<ul class=\"wp-block-list\">\n<li>Greifen Sie auf alle Kundengespr\u00e4che an einem Ort zu und erm\u00f6glichen Sie so eine nahtlose Nachverfolgung und Nachbereitung der Kommunikation.<\/li>\n\n\n\n<li>Sehen Sie sich die Interaktionshistorie jedes Kunden an, um den Kontext zu erkennen und eine konsistente und personalisierte Ansprache sicherzustellen.<\/li>\n<\/ul>\n<\/li>\n\n\n\n<li><strong>KI-generierte Zusammenfassungen<\/strong>\n<ul class=\"wp-block-list\">\n<li>Jedes Gespr\u00e4ch wird von unserer fortschrittlichen KI automatisch zusammengefasst, wobei die wichtigsten Punkte, Kundenw\u00fcnsche und verwertbare Erkenntnisse hervorgehoben werden.<\/li>\n\n\n\n<li>Verstehen Sie schnell die Bed\u00fcrfnisse und Stimmungen Ihrer Kunden, ohne lange Gespr\u00e4chsprotokolle lesen zu m\u00fcssen, und erm\u00f6glichen Sie Ihrem Team, schnelle und fundierte Entscheidungen zu treffen.<\/li>\n<\/ul>\n<\/li>\n\n\n\n<li><strong>Durchsuchbare Konversationshistorie<\/strong>\n<ul class=\"wp-block-list\">\n<li>Finden Sie vergangene Interaktionen ganz einfach mit der robusten Suchfunktion, indem Sie Schl\u00fcsselw\u00f6rter, Kundennamen oder Produktanfragen verwenden.<\/li>\n\n\n\n<li>Verschaffen Sie sich einen vollst\u00e4ndigen \u00dcberblick \u00fcber die Reise eines jeden Kunden, um seine Vorlieben besser zu verstehen und zuk\u00fcnftige Interaktionen zu verbessern.<\/li>\n<\/ul>\n<\/li>\n\n\n\n<li><strong>Stimmungsanalyse<\/strong>\n<ul class=\"wp-block-list\">\n<li>Unsere KI wertet die Stimmung der Kunden in Echtzeit aus und hilft Ihrem Team, Antworten zu priorisieren und den Kommunikationsstil an die Emotionen der Kunden anzupassen.<\/li>\n\n\n\n<li>Nutzen Sie Stimmungstrends, um die Kundenzufriedenheit zu bewerten und Supportstrategien zu verbessern.<\/li>\n<\/ul>\n<\/li>\n\n\n\n<li><strong>Nahtlose Integration mit CRM- und Support-Systemen<\/strong>\n<ul class=\"wp-block-list\">\n<li>Integrieren Sie Ihre CRM-, ERP- oder Support-Plattformen, um Kundendaten zu synchronisieren und zug\u00e4nglich zu machen.<\/li>\n\n\n\n<li>Erm\u00f6glichen Sie nahtlose \u00dcberg\u00e4nge zwischen automatisierten und menschlichen Interaktionen und sorgen Sie f\u00fcr konsistenten Support \u00fcber alle Kan\u00e4le hinweg.<\/li>\n<\/ul>\n<\/li>\n<\/ol>\n\n<h3 class=\"wp-block-heading\">Vorteile des Posteingangs von Waizy.Pro mit KI-Zusammenfassungen<\/h3>\n\n<ol class=\"wp-block-list\">\n<li><strong>Verbesserte Reaktionszeiten<\/strong><br\/>Mit KI-generierten Zusammenfassungen verbringt Ihr Team weniger Zeit mit der Analyse von Gespr\u00e4chsverl\u00e4ufen und mehr Zeit damit, auf Kundenbed\u00fcrfnisse einzugehen, was zu schnelleren Reaktionszeiten und zufriedeneren Kunden f\u00fchrt.<\/li>\n\n\n\n<li><strong>Verbessertes Kundenverst\u00e4ndnis<\/strong><br\/>Zusammengefasste Einblicke erm\u00f6glichen es Ihrem Team, die Bed\u00fcrfnisse, Vorlieben und bisherigen Interaktionen jedes Kunden schnell zu verstehen und so ein personalisiertes Erlebnis zu schaffen.<\/li>\n\n\n\n<li><strong>Datengest\u00fctzte Support-Optimierung<\/strong><br\/>Durch die Verfolgung von Gespr\u00e4chszusammenfassungen, Stimmungen und h\u00e4ufigen Themen k\u00f6nnen Sie verbesserungsw\u00fcrdige Bereiche in Ihrer Kundensupport-Strategie identifizieren, was zu einer kontinuierlichen Verbesserung Ihrer CX f\u00fchrt.<\/li>\n\n\n\n<li><strong>Zusammenarbeit im Team leicht gemacht<\/strong><br\/>Der gemeinsame Posteingang stellt sicher, dass alle Teammitglieder auf aktuelle Kundeninformationen und Einblicke zugreifen k\u00f6nnen, was einen konsistenten und kooperativen Support erm\u00f6glicht.<\/li>\n<\/ol>\n\n<h3 class=\"wp-block-heading\">H\u00e4ufig gestellte Fragen zum Posteingang mit KI-Zusammenfassungen<\/h3>\n\n<p><strong>F: Wie genau sind die von der KI erstellten Zusammenfassungen?<\/strong><br\/>A: Die KI-Zusammenfassungen von Waizy.Pro sind hochpr\u00e4zise und erfassen die wichtigsten Punkte, Aktionen und Kundenw\u00fcnsche mit gro\u00dfer Genauigkeit. Die Zusammenfassungen werden im Laufe der Zeit verfeinert, um zuverl\u00e4ssige, umsetzbare Erkenntnisse zu gew\u00e4hrleisten. <\/p>\n\n<p><strong>F: Kann ich Konversationen nach Stimmung filtern?<\/strong><br\/>A: Ja! Mit dem Posteingang von Waizy.Pro k\u00f6nnen Sie Konversationen nach Stimmung filtern, so dass Ihr Team die Interaktionen nach Kundenzufriedenheit und Dringlichkeit priorisieren kann. <\/p>\n\n<p><strong>F: Kann Inbox mit anderen Plattformen integriert werden?<\/strong><br\/>A: Auf jeden Fall. Der Posteingang von Waizy.Pro l\u00e4sst sich nahtlos in CRM-, ERP- und Kundensupport-Plattformen integrieren und bietet so eine einheitliche Kundenansicht. <\/p>\n\n<h3 class=\"wp-block-heading\">Behalten Sie den \u00dcberblick \u00fcber Kundengespr\u00e4che mit dem KI-gesteuerten Posteingang von Waizy.Pro<\/h3>\n\n<p>Der Posteingang mit KI-Zusammenfassungen von Waizy.Pro wurde entwickelt, damit Ihr Team Kundeninteraktionen einfach, effizient und aufschlussreich verwalten kann. Behalten Sie den \u00dcberblick \u00fcber jedes Gespr\u00e4ch, greifen Sie auf intelligente Zusammenfassungen zu und antworten Sie mit dem Kontext und dem Verst\u00e4ndnis, das Ihre Kunden verdienen. <\/p>\n\n<p><strong>Sind Sie bereit, Ihren Kundensupport zu ver\u00e4ndern? [Fordern Sie noch heute eine Demo an] <\/strong><\/p>\n","protected":false},"featured_media":0,"template":"","meta":{"site-sidebar-layout":"default","site-content-layout":"","ast-site-content-layout":"default","site-content-style":"default","site-sidebar-style":"default","ast-global-header-display":"","ast-banner-title-visibility":"","ast-main-header-display":"","ast-hfb-above-header-display":"","ast-hfb-below-header-display":"","ast-hfb-mobile-header-display":"","site-post-title":"","ast-breadcrumbs-content":"","ast-featured-img":"","footer-sml-layout":"","ast-disable-related-posts":"","theme-transparent-header-meta":"","adv-header-id-meta":"","stick-header-meta":"","header-above-stick-meta":"","header-main-stick-meta":"","header-below-stick-meta":"","astra-migrate-meta-layouts":"default","ast-page-background-enabled":"default","ast-page-background-meta":{"desktop":{"background-color":"var(--ast-global-color-4)","background-image":"","background-repeat":"repeat","background-position":"center center","background-size":"auto","background-attachment":"scroll","background-type":"","background-media":"","overlay-type":"","overlay-color":"","overlay-opacity":"","overlay-gradient":""},"tablet":{"background-color":"","background-image":"","background-repeat":"repeat","background-position":"center center","background-size":"auto","background-attachment":"scroll","background-type":"","background-media":"","overlay-type":"","overlay-color":"","overlay-opacity":"","overlay-gradient":""},"mobile":{"background-color":"","background-image":"","background-repeat":"repeat","background-position":"center center","background-size":"auto","background-attachment":"scroll","background-type":"","background-media":"","overlay-type":"","overlay-color":"","overlay-opacity":"","overlay-gradient":""}},"ast-content-background-meta":{"desktop":{"background-color":"var(--ast-global-color-5)","background-image":"","background-repeat":"repeat","background-position":"center center","background-size":"auto","background-attachment":"scroll","background-type":"","background-media":"","overlay-type":"","overlay-color":"","overlay-opacity":"","overlay-gradient":""},"tablet":{"background-color":"var(--ast-global-color-5)","background-image":"","background-repeat":"repeat","background-position":"center center","background-size":"auto","background-attachment":"scroll","background-type":"","background-media":"","overlay-type":"","overlay-color":"","overlay-opacity":"","overlay-gradient":""},"mobile":{"background-color":"var(--ast-global-color-5)","background-image":"","background-repeat":"repeat","background-position":"center center","background-size":"auto","background-attachment":"scroll","background-type":"","background-media":"","overlay-type":"","overlay-color":"","overlay-opacity":"","overlay-gradient":""}}},"class_list":["post-2480","product","type-product","status-publish","hentry"],"_links":{"self":[{"href":"https:\/\/waizy.pro\/de\/wp-json\/wp\/v2\/product\/2480","targetHints":{"allow":["GET"]}}],"collection":[{"href":"https:\/\/waizy.pro\/de\/wp-json\/wp\/v2\/product"}],"about":[{"href":"https:\/\/waizy.pro\/de\/wp-json\/wp\/v2\/types\/product"}],"version-history":[{"count":1,"href":"https:\/\/waizy.pro\/de\/wp-json\/wp\/v2\/product\/2480\/revisions"}],"predecessor-version":[{"id":2482,"href":"https:\/\/waizy.pro\/de\/wp-json\/wp\/v2\/product\/2480\/revisions\/2482"}],"wp:attachment":[{"href":"https:\/\/waizy.pro\/de\/wp-json\/wp\/v2\/media?parent=2480"}],"curies":[{"name":"wp","href":"https:\/\/api.w.org\/{rel}","templated":true}]}}