{"id":2483,"date":"2024-11-05T15:36:35","date_gmt":"2024-11-05T14:36:35","guid":{"rendered":"https:\/\/waizy.pro\/product\/integrationen\/"},"modified":"2025-09-19T14:38:50","modified_gmt":"2025-09-19T13:38:50","slug":"integrationen","status":"publish","type":"product","link":"https:\/\/waizy.pro\/de\/product\/integrationen\/","title":{"rendered":"Integrationen"},"content":{"rendered":"\n<p><strong>Integrationen: Verbinden Sie Waizy.Pro mit Ihren bestehenden Tools f\u00fcr einen nahtlosen Datenfluss<\/strong><\/p>\n\n<p>Maximieren Sie die Leistung Ihrer KI-Verkaufsagenten und Ihres Brand Hubs von Waizy.Pro, indem Sie sie in Ihr bestehendes technisches System integrieren. Waizy.Pro bietet nahtlose Integrationen mit f\u00fchrenden Plattformen, einschlie\u00dflich eCommerce, CRM, ERP und mehr, um ein einheitliches Kundenerlebnis und eine zentrale Datenverwaltung zu gew\u00e4hrleisten. Sch\u00f6pfen Sie das volle Potenzial Ihrer Daten aus und verbessern Sie die Interaktion mit Ihren Kunden, indem Sie Waizy.Pro mit den Tools verbinden, auf die Sie sich bereits verlassen.  <\/p>\n\n<h3 class=\"wp-block-heading\">Warum eine Integration mit Waizy.Pro?<\/h3>\n\n<p><strong>Einheitliche Daten f\u00fcr intelligenteres Kundenengagement<\/strong><br\/>Mit den Integrationen von Waizy.Pro k\u00f6nnen Unternehmen ihre Systeme miteinander verbinden und Kundendaten m\u00fchelos zentralisieren. Durch die Integration mit wichtigen Plattformen stellt Waizy.Pro sicher, dass Ihre KI-gesteuerten Agenten Zugang zu aktuellen Informationen haben und so ein reaktionsschnelleres und pers\u00f6nlicheres Erlebnis f\u00fcr Ihre Kunden schaffen. <\/p>\n\n<h3 class=\"wp-block-heading\">Wichtige Integrationsf\u00e4higkeiten<\/h3>\n\n<ol class=\"wp-block-list\">\n<li><strong>eCommerce-Integrationen<\/strong>\n<ul class=\"wp-block-list\">\n<li><strong>Unterst\u00fctzte Plattformen:<\/strong> Shopify, WooCommerce, Magento, und mehr.<\/li>\n\n\n\n<li>Synchronisieren Sie Produktkataloge, Bestellhistorien und Kundenprofile direkt mit Waizy.Pro, so dass KI-Verkaufsagenten personalisierte Empfehlungen und Cross-Sell-M\u00f6glichkeiten anbieten k\u00f6nnen.<\/li>\n<\/ul>\n<\/li>\n\n\n\n<li><strong>CRM-Integrationen<\/strong>\n<ul class=\"wp-block-list\">\n<li><strong>Unterst\u00fctzte Plattformen:<\/strong> Salesforce, HubSpot, Zoho CRM und andere.<\/li>\n\n\n\n<li>Bringen Sie CRM-Daten in Waizy.Pro ein, um Ihre KI-Agenten mit wertvollen Kundeneinblicken zu versorgen und besser informierte, kontextbezogene Interaktionen zu erm\u00f6glichen.<\/li>\n<\/ul>\n<\/li>\n\n\n\n<li><strong>ERP-Integrationen<\/strong>\n<ul class=\"wp-block-list\">\n<li><strong>Unterst\u00fctzte Plattformen:<\/strong> SAP, Microsoft Dynamics, Oracle und benutzerdefinierte ERPs.<\/li>\n\n\n\n<li>Verbinden Sie ERP-Daten f\u00fcr eine nahtlose Bestandsverwaltung, Auftragsverfolgung und Aktualisierung von Kundenkonten direkt mit Ihrer KI-Einrichtung.<\/li>\n<\/ul>\n<\/li>\n\n\n\n<li><strong>Plattformen f\u00fcr Kundenbetreuung<\/strong>\n<ul class=\"wp-block-list\">\n<li><strong>Unterst\u00fctzte Plattformen:<\/strong> Zendesk, Freshdesk und andere beliebte Support-Systeme.<\/li>\n\n\n\n<li>Integrieren Sie Supportdaten, um Kundenanfragen zu rationalisieren, so dass Waizy.Pro bei FAQs, der \u00dcberpr\u00fcfung des Bestellstatus und der grundlegenden Fehlerbehebung helfen kann.<\/li>\n<\/ul>\n<\/li>\n\n\n\n<li><strong>Marketing Automation<\/strong>\n<ul class=\"wp-block-list\">\n<li><strong>Unterst\u00fctzte Plattformen:<\/strong> Mailchimp, Klaviyo, Marketo, und mehr.<\/li>\n\n\n\n<li>Synchronisieren Sie Marketingdaten f\u00fcr gezielte Kundeninteraktionen und erm\u00f6glichen Sie es KI-Agenten, relevante, zeitnahe Angebote und Informationen zu unterbreiten.<\/li>\n<\/ul>\n<\/li>\n<\/ol>\n\n<h3 class=\"wp-block-heading\">Vorteile der Integration von Waizy.Pro mit Ihren Systemen<\/h3>\n\n<ol class=\"wp-block-list\">\n<li><strong>Verbesserte Kundenprofile<\/strong><br\/>Durch den nahtlosen Datenaustausch erstellt Waizy.Pro umfassende, aktuelle Profile f\u00fcr jeden Kunden, was zu genaueren Empfehlungen und personalisierten Interaktionen f\u00fchrt.<\/li>\n\n\n\n<li><strong>Optimierte Abl\u00e4ufe<\/strong><br\/>Vermeiden Sie Datensilos und manuelle Dateneingabe, indem Sie Waizy.Pro mit Ihrem Tech-Stack verbinden. Das spart Ihrem Team Zeit und sorgt f\u00fcr Konsistenz auf allen Plattformen.<\/li>\n\n\n\n<li><strong>Verbessertes Kundenerlebnis<\/strong><br\/>Dank des Echtzeit-Datenzugriffs k\u00f6nnen die KI-Agenten von Waizy.Pro pr\u00e4ziser und effizienter reagieren und so f\u00fcr ein reibungsloses Kundenerlebnis sorgen, das die Kundenzufriedenheit erh\u00f6ht.<\/li>\n\n\n\n<li><strong>Gesteigerte Effizienz \u00fcber alle Teams hinweg<\/strong><br\/>Wenn Waizy.Pro mit Ihren CRM-, ERP- und Support-Plattformen synchronisiert wird, k\u00f6nnen Vertriebs-, Marketing- und Support-Teams alle auf zentrale Einblicke zugreifen und so einen einheitlichen Ansatz bei der Kundenansprache sicherstellen.<\/li>\n<\/ol>\n\n<h3 class=\"wp-block-heading\">H\u00e4ufig gestellte Fragen zur Waizy.Pro Integration<\/h3>\n\n<p><strong>F: Wie lange dauert es, Waizy.Pro in meine CRM- oder eCommerce-Plattform zu integrieren?<\/strong><br\/>A: Die Integration ist schnell und unkompliziert. Die meisten Einrichtungsvorg\u00e4nge dauern nur ein paar Stunden. Unser Support-Team hilft Ihnen gerne bei allen spezifischen Konfigurationen, die Sie ben\u00f6tigen. <\/p>\n\n<p><strong>F: Was ist, wenn meine Plattform nicht aufgelistet ist?<\/strong><br\/>A: Waizy.Pro bietet kundenspezifische Integrationsm\u00f6glichkeiten, und unser Team kann mit Ihnen zusammenarbeiten, um jede einzelne Plattform \u00fcber unsere offene API anzubinden.<\/p>\n\n<p><strong>F: Sind meine Daten w\u00e4hrend der Integration sicher?<\/strong><br\/>A: Ja. Waizy.Pro legt gro\u00dfen Wert auf Datensicherheit mit verschl\u00fcsselter Daten\u00fcbertragung und strengen Zugangskontrollen, um die Einhaltung von Vorschriften und Sicherheit zu gew\u00e4hrleisten. <\/p>\n\n<h3 class=\"wp-block-heading\">Optimieren Sie Ihre Kundeninteraktionen mit Waizy.Pro Integrationen<\/h3>\n\n<p>Verbinden Sie Waizy.Pro mit Ihren bestehenden Systemen und beobachten Sie, wie Ihre KI-gesteuerten Kundenkontakte intelligenter, schneller und pers\u00f6nlicher werden. Ver\u00e4ndern Sie Ihr Kundenerlebnis durch die Integration mit den Tools, denen Sie vertrauen. <\/p>\n\n<p><strong>Sind Sie bereit, Ihre Daten f\u00fcr bessere Ergebnisse zu vereinheitlichen? [Heute eine Demo anfordern] <\/strong><\/p>\n","protected":false},"featured_media":0,"template":"","meta":{"site-sidebar-layout":"default","site-content-layout":"","ast-site-content-layout":"default","site-content-style":"default","site-sidebar-style":"default","ast-global-header-display":"","ast-banner-title-visibility":"","ast-main-header-display":"","ast-hfb-above-header-display":"","ast-hfb-below-header-display":"","ast-hfb-mobile-header-display":"","site-post-title":"","ast-breadcrumbs-content":"","ast-featured-img":"","footer-sml-layout":"","ast-disable-related-posts":"","theme-transparent-header-meta":"enabled","adv-header-id-meta":"","stick-header-meta":"enabled","header-above-stick-meta":"","header-main-stick-meta":"disabled","header-below-stick-meta":"","astra-migrate-meta-layouts":"default","ast-page-background-enabled":"default","ast-page-background-meta":{"desktop":{"background-color":"var(--ast-global-color-4)","background-image":"","background-repeat":"repeat","background-position":"center center","background-size":"auto","background-attachment":"scroll","background-type":"","background-media":"","overlay-type":"","overlay-color":"","overlay-opacity":"","overlay-gradient":""},"tablet":{"background-color":"","background-image":"","background-repeat":"repeat","background-position":"center center","background-size":"auto","background-attachment":"scroll","background-type":"","background-media":"","overlay-type":"","overlay-color":"","overlay-opacity":"","overlay-gradient":""},"mobile":{"background-color":"","background-image":"","background-repeat":"repeat","background-position":"center center","background-size":"auto","background-attachment":"scroll","background-type":"","background-media":"","overlay-type":"","overlay-color":"","overlay-opacity":"","overlay-gradient":""}},"ast-content-background-meta":{"desktop":{"background-color":"var(--ast-global-color-5)","background-image":"","background-repeat":"repeat","background-position":"center center","background-size":"auto","background-attachment":"scroll","background-type":"","background-media":"","overlay-type":"","overlay-color":"","overlay-opacity":"","overlay-gradient":""},"tablet":{"background-color":"var(--ast-global-color-5)","background-image":"","background-repeat":"repeat","background-position":"center center","background-size":"auto","background-attachment":"scroll","background-type":"","background-media":"","overlay-type":"","overlay-color":"","overlay-opacity":"","overlay-gradient":""},"mobile":{"background-color":"var(--ast-global-color-5)","background-image":"","background-repeat":"repeat","background-position":"center center","background-size":"auto","background-attachment":"scroll","background-type":"","background-media":"","overlay-type":"","overlay-color":"","overlay-opacity":"","overlay-gradient":""}}},"class_list":["post-2483","product","type-product","status-publish","hentry"],"_links":{"self":[{"href":"https:\/\/waizy.pro\/de\/wp-json\/wp\/v2\/product\/2483","targetHints":{"allow":["GET"]}}],"collection":[{"href":"https:\/\/waizy.pro\/de\/wp-json\/wp\/v2\/product"}],"about":[{"href":"https:\/\/waizy.pro\/de\/wp-json\/wp\/v2\/types\/product"}],"version-history":[{"count":1,"href":"https:\/\/waizy.pro\/de\/wp-json\/wp\/v2\/product\/2483\/revisions"}],"predecessor-version":[{"id":2485,"href":"https:\/\/waizy.pro\/de\/wp-json\/wp\/v2\/product\/2483\/revisions\/2485"}],"wp:attachment":[{"href":"https:\/\/waizy.pro\/de\/wp-json\/wp\/v2\/media?parent=2483"}],"curies":[{"name":"wp","href":"https:\/\/api.w.org\/{rel}","templated":true}]}}