{"id":2486,"date":"2024-11-05T16:04:59","date_gmt":"2024-11-05T15:04:59","guid":{"rendered":"https:\/\/waizy.pro\/product\/dashboard-analysen\/"},"modified":"2025-09-19T14:39:32","modified_gmt":"2025-09-19T13:39:32","slug":"dashboard-analysen","status":"publish","type":"product","link":"https:\/\/waizy.pro\/de\/product\/dashboard-analysen\/","title":{"rendered":"Dashboard &amp; Analysen"},"content":{"rendered":"\n<p><strong>Dashboard &amp; Analysen: Verwertbare Einblicke f\u00fcr kl\u00fcgere Gesch\u00e4ftsentscheidungen<\/strong><\/p>\n\n<p>Erschlie\u00dfen Sie die Macht der datengesteuerten Entscheidungsfindung mit dem Dashboard &amp; Analytics von Waizy.Pro. Unser Analyse-Dashboard wurde f\u00fcr Unternehmen entwickelt, die tiefere Einblicke in Kundeninteraktionen w\u00fcnschen. Es bietet umfassende Berichte, Echtzeit-Tracking und intuitive Datenvisualisierungen &#8211; alles an einem Ort.  Mit dem Dashboard &amp; Analytics von Waizy.Pro behalten Sie die Kontrolle \u00fcber das Kundenengagement Ihrer Marke &#8211; von der \u00dcberwachung wichtiger Leistungskennzahlen bis hin zur Identifizierung von Trendthemen.<\/p>\n\n<h3 class=\"wp-block-heading\">Warum sollten Sie das Dashboard und die Analysen von Waizy.Pro verwenden?<\/h3>\n\n<p><strong>Verschaffen Sie sich einen vollst\u00e4ndigen \u00dcberblick \u00fcber das Kundenengagement<\/strong><br\/>Das Dashboard &amp; Analytics von Waizy.Pro bietet eine Echtzeitansicht jeder Interaktion Ihrer Kunden mit Ihrer Marke. Durch die Zentralisierung von Daten aus KI-gesteuerten Konversationen, Produktempfehlungen und Customer Journeys erhalten Sie einen 360-Grad-Blick auf das Kundenverhalten. Unsere Analyseplattform hilft Ihnen dabei, Trends aufzudecken, das Engagement zu \u00fcberwachen und die Kundenerlebnisse zu optimieren wie nie zuvor.  <\/p>\n\n<h3 class=\"wp-block-heading\">Hauptmerkmale von Dashboard &amp; Analytics<\/h3>\n\n<ol class=\"wp-block-list\">\n<li><strong>Verfolgung in Echtzeit<\/strong>\n<ul class=\"wp-block-list\">\n<li>\u00dcberwachen Sie Kundeninteraktionen, w\u00e4hrend sie stattfinden. So k\u00f6nnen Sie proaktiv reagieren und Gelegenheiten zur Interaktion nutzen.<\/li>\n\n\n\n<li>Mit Live-Updates sorgt das Dashboard von Waizy.Pro daf\u00fcr, dass Sie immer auf dem Laufenden sind.<\/li>\n<\/ul>\n<\/li>\n\n\n\n<li><strong>Umfassende Berichterstattung<\/strong>\n<ul class=\"wp-block-list\">\n<li>Greifen Sie auf detaillierte Berichte \u00fcber Kundengespr\u00e4che, Produktleistung und Engagement-Metriken zu. Nutzen Sie diese Einblicke zur Feinabstimmung von Strategien und zur Messung des Erfolgs Ihrer Kampagnen. <\/li>\n\n\n\n<li>Herunterladbare Berichte erleichtern den Austausch von Daten zwischen Teams und Interessengruppen.<\/li>\n<\/ul>\n<\/li>\n\n\n\n<li><strong>Anpassbare Metriken<\/strong>\n<ul class=\"wp-block-list\">\n<li>Passen Sie Ihr Analyse-Dashboard so an, dass es sich auf die Kennzahlen konzentriert, die f\u00fcr Ihr Unternehmen am wichtigsten sind. Verfolgen Sie Konversionsraten, Produktinteraktionen, Kundenstimmungen und mehr, um Ihre spezifischen Ziele zu erreichen. <\/li>\n<\/ul>\n<\/li>\n\n\n\n<li><strong>Datenvisualisierung<\/strong>\n<ul class=\"wp-block-list\">\n<li>Verstehen Sie komplexe Daten mit intuitiven Grafiken, Diagrammen und Visualisierungen ganz einfach. Identifizieren Sie Muster, erkennen Sie Trends und treffen Sie fundierte Entscheidungen ohne Datenflut. <\/li>\n<\/ul>\n<\/li>\n\n\n\n<li><strong>Trend- und Stimmungsanalyse<\/strong>\n<ul class=\"wp-block-list\">\n<li>Entdecken Sie anhand von Trendanalysen, welche Themen und Produkte bei Ihrem Publikum Anklang finden. Das Stimmungsanalyse-Tool von Waizy.Pro misst die Emotionen Ihrer Kunden und hilft Ihnen, Ihre Botschaften und Produktangebote auf der Grundlage von Echtzeit-Feedback zu verfeinern. <\/li>\n<\/ul>\n<\/li>\n<\/ol>\n\n<h3 class=\"wp-block-heading\">Vorteile von Waizy.Pro&#8217;s Dashboard &amp; Analytik<\/h3>\n\n<ol class=\"wp-block-list\">\n<li><strong>Optimieren Sie das Kundenerlebnis<\/strong><br\/>Analysieren Sie, wie Kunden mit Ihrer Marke in Kontakt treten, identifizieren Sie potenzielle Verbesserungsbereiche und verbessern Sie die Customer Journey kontinuierlich.<\/li>\n\n\n\n<li><strong>Treffen Sie fundierte Entscheidungen<\/strong><br\/>Mit datengest\u00fctzten Erkenntnissen kann Ihr Team strategische Entscheidungen schneller treffen, egal ob es um die Anpassung von Marketingtaktiken, die Verbesserung des Kundensupports oder die Verfeinerung von Vertriebsans\u00e4tzen geht.<\/li>\n\n\n\n<li><strong>Steigern Sie die Konversionsraten<\/strong><br\/>\u00dcberwachen Sie, welche Interaktionen zu Konversionen f\u00fchren, von Produktempfehlungen bis hin zu personalisierten Angeboten, und helfen Sie so bei der Feinabstimmung von Strategien zur Verbesserung der Ergebnisse.<\/li>\n\n\n\n<li><strong>Collaborative Analytics<\/strong><br\/>Mit den integrierten Berichts- und Exportoptionen k\u00f6nnen Teams aus Vertrieb, Support und Marketing auf einfache Weise Erkenntnisse austauschen und auf dem Laufenden bleiben.<\/li>\n<\/ol>\n\n<h3 class=\"wp-block-heading\">H\u00e4ufig gestellte Fragen zu Dashboard &amp; Analytics<\/h3>\n\n<p><strong>F: Kann ich das Dashboard anpassen, um bestimmte Metriken zu verfolgen?<\/strong><br\/>A: Auf jeden Fall! Das Dashboard &amp; Analytics von Waizy.Pro ist vollst\u00e4ndig anpassbar und erm\u00f6glicht es Ihnen, die f\u00fcr Ihr Unternehmen wichtigsten Metriken zu priorisieren. <\/p>\n\n<p><strong>F: Wie funktioniert die Stimmungsanalyse in Waizy.Pro?<\/strong><br\/>A: Die Sentiment-Analyse nutzt KI, um den emotionalen Ton von Kundeninteraktionen zu bewerten und hilft Ihnen, die Stimmung der Kunden auf einen Blick zu verstehen.<\/p>\n\n<p><strong>F: Kann ich Berichte aus dem Dashboard exportieren?<\/strong><br\/>A: Ja, alle Berichte k\u00f6nnen heruntergeladen werden, was den Austausch von Erkenntnissen und die team\u00fcbergreifende Zusammenarbeit erleichtert.<\/p>\n\n<h3 class=\"wp-block-heading\">Starten Sie mit dem Dashboard und den Analysen von Waizy.Pro.<\/h3>\n\n<p>Gewinnen Sie die Einblicke, die Sie brauchen, um Ihre Strategien zu verfeinern, die Kundenzufriedenheit zu verbessern und die Ums\u00e4tze zu steigern. Mit dem Dashboard &amp; Analytics von Waizy.Pro werden Ihre Daten zu einem leistungsstarken Werkzeug f\u00fcr Wachstum. <\/p>\n\n<p><strong>Sind Sie bereit, das volle Potenzial Ihrer Daten zu erschlie\u00dfen? [Fordern Sie noch heute eine Demo an] <\/strong><\/p>\n","protected":false},"featured_media":0,"template":"","meta":{"site-sidebar-layout":"default","site-content-layout":"","ast-site-content-layout":"default","site-content-style":"default","site-sidebar-style":"default","ast-global-header-display":"","ast-banner-title-visibility":"","ast-main-header-display":"","ast-hfb-above-header-display":"","ast-hfb-below-header-display":"","ast-hfb-mobile-header-display":"","site-post-title":"","ast-breadcrumbs-content":"","ast-featured-img":"","footer-sml-layout":"","ast-disable-related-posts":"","theme-transparent-header-meta":"default","adv-header-id-meta":"","stick-header-meta":"default","header-above-stick-meta":"","header-main-stick-meta":"","header-below-stick-meta":"","astra-migrate-meta-layouts":"default","ast-page-background-enabled":"default","ast-page-background-meta":{"desktop":{"background-color":"var(--ast-global-color-4)","background-image":"","background-repeat":"repeat","background-position":"center center","background-size":"auto","background-attachment":"scroll","background-type":"","background-media":"","overlay-type":"","overlay-color":"","overlay-opacity":"","overlay-gradient":""},"tablet":{"background-color":"","background-image":"","background-repeat":"repeat","background-position":"center center","background-size":"auto","background-attachment":"scroll","background-type":"","background-media":"","overlay-type":"","overlay-color":"","overlay-opacity":"","overlay-gradient":""},"mobile":{"background-color":"","background-image":"","background-repeat":"repeat","background-position":"center center","background-size":"auto","background-attachment":"scroll","background-type":"","background-media":"","overlay-type":"","overlay-color":"","overlay-opacity":"","overlay-gradient":""}},"ast-content-background-meta":{"desktop":{"background-color":"var(--ast-global-color-5)","background-image":"","background-repeat":"repeat","background-position":"center center","background-size":"auto","background-attachment":"scroll","background-type":"","background-media":"","overlay-type":"","overlay-color":"","overlay-opacity":"","overlay-gradient":""},"tablet":{"background-color":"var(--ast-global-color-5)","background-image":"","background-repeat":"repeat","background-position":"center center","background-size":"auto","background-attachment":"scroll","background-type":"","background-media":"","overlay-type":"","overlay-color":"","overlay-opacity":"","overlay-gradient":""},"mobile":{"background-color":"var(--ast-global-color-5)","background-image":"","background-repeat":"repeat","background-position":"center center","background-size":"auto","background-attachment":"scroll","background-type":"","background-media":"","overlay-type":"","overlay-color":"","overlay-opacity":"","overlay-gradient":""}}},"class_list":["post-2486","product","type-product","status-publish","hentry"],"_links":{"self":[{"href":"https:\/\/waizy.pro\/de\/wp-json\/wp\/v2\/product\/2486","targetHints":{"allow":["GET"]}}],"collection":[{"href":"https:\/\/waizy.pro\/de\/wp-json\/wp\/v2\/product"}],"about":[{"href":"https:\/\/waizy.pro\/de\/wp-json\/wp\/v2\/types\/product"}],"version-history":[{"count":1,"href":"https:\/\/waizy.pro\/de\/wp-json\/wp\/v2\/product\/2486\/revisions"}],"predecessor-version":[{"id":2488,"href":"https:\/\/waizy.pro\/de\/wp-json\/wp\/v2\/product\/2486\/revisions\/2488"}],"wp:attachment":[{"href":"https:\/\/waizy.pro\/de\/wp-json\/wp\/v2\/media?parent=2486"}],"curies":[{"name":"wp","href":"https:\/\/api.w.org\/{rel}","templated":true}]}}