{"id":679,"date":"2024-11-05T16:04:59","date_gmt":"2024-11-05T15:04:59","guid":{"rendered":"https:\/\/wizy.pro\/product\/cruscotto-e-analisi\/"},"modified":"2025-09-19T14:29:46","modified_gmt":"2025-09-19T13:29:46","slug":"cruscotto-e-analisi","status":"publish","type":"product","link":"https:\/\/waizy.pro\/it\/product\/cruscotto-e-analisi\/","title":{"rendered":"Cruscotto e analisi"},"content":{"rendered":"\n<p><strong>Dashboard e analisi: Approfondimenti praticabili per decisioni aziendali pi\u00f9 intelligenti<\/strong><\/p>\n\n<p>Sblocca la potenza del processo decisionale basato sui dati con il cruscotto e le analisi di Waizy.Pro. Progettata per le aziende che desiderano avere una visione pi\u00f9 approfondita delle interazioni con i clienti, la nostra dashboard analitica fornisce una reportistica completa, un monitoraggio in tempo reale e una visualizzazione intuitiva dei dati, il tutto in un unico luogo. Dal monitoraggio delle principali metriche di performance all&#8217;identificazione degli argomenti di tendenza, la Dashboard &amp; Analytics di Waizy.Pro ti permette di tenere sotto controllo il coinvolgimento dei clienti del tuo marchio.  <\/p>\n\n<h3 class=\"wp-block-heading\">Perch\u00e9 usare la dashboard e le analisi di Waizy.Pro?<\/h3>\n\n<p><strong>Ottieni una visibilit\u00e0 completa sul coinvolgimento dei clienti<\/strong><br\/>La Dashboard &amp; Analytics di Waizy.Pro offre una visione in tempo reale di ogni interazione dei clienti con il tuo marchio. Centralizzando i dati delle conversazioni guidate dall&#8217;intelligenza artificiale, delle raccomandazioni sui prodotti e dei viaggi dei clienti, ottieni una visione a 360 gradi del comportamento dei clienti. La nostra piattaforma di analisi ti aiuta a scoprire le tendenze, a monitorare i livelli di coinvolgimento e a ottimizzare le esperienze dei clienti come mai prima d&#8217;ora.  <\/p>\n\n<h3 class=\"wp-block-heading\">Caratteristiche principali di Dashboard &amp; Analytics<\/h3>\n\n<ol class=\"wp-block-list\">\n<li><strong>Tracciamento in tempo reale<\/strong>\n<ul class=\"wp-block-list\">\n<li>Monitora le interazioni con i clienti nel momento stesso in cui avvengono, consentendoti di rispondere in modo proattivo e di capitalizzare le opportunit\u00e0 di coinvolgimento.<\/li>\n\n\n\n<li>Con gli aggiornamenti in tempo reale, la Dashboard di Waizy.Pro ti garantisce di essere sempre al corrente.<\/li>\n<\/ul>\n<\/li>\n\n\n\n<li><strong>Reporting completo<\/strong>\n<ul class=\"wp-block-list\">\n<li>Accedi a rapporti dettagliati sulle conversazioni dei clienti, sulle prestazioni dei prodotti e sulle metriche di coinvolgimento. Utilizza questi dati per perfezionare le strategie e misurare il successo delle tue campagne. <\/li>\n\n\n\n<li>I report scaricabili semplificano la condivisione dei dati tra team e stakeholder.<\/li>\n<\/ul>\n<\/li>\n\n\n\n<li><strong>Metriche personalizzabili<\/strong>\n<ul class=\"wp-block-list\">\n<li>Personalizza il tuo cruscotto di analisi per concentrarti sulle metriche pi\u00f9 importanti per la tua azienda. Tieni traccia dei tassi di conversione, delle interazioni con i prodotti, dell&#8217;opinione dei clienti e di molto altro ancora per allinearti ai tuoi obiettivi specifici. <\/li>\n<\/ul>\n<\/li>\n\n\n\n<li><strong>Visualizzazione dei dati<\/strong>\n<ul class=\"wp-block-list\">\n<li>Comprendi facilmente dati complessi con grafici, diagrammi e visualizzazioni intuitive. Identifica gli schemi, individua le tendenze e prendi decisioni informate senza sovraccaricare i dati. <\/li>\n<\/ul>\n<\/li>\n\n\n\n<li><strong>Analisi delle tendenze e dei sentimenti<\/strong>\n<ul class=\"wp-block-list\">\n<li>Scopri quali sono gli argomenti e i prodotti che risuonano con il tuo pubblico grazie all&#8217;analisi delle tendenze. Lo strumento di analisi del sentiment di Waizy.Pro misura le emozioni dei clienti, aiutandoti a perfezionare la messaggistica e le offerte di prodotti in base al feedback in tempo reale. <\/li>\n<\/ul>\n<\/li>\n<\/ol>\n\n<h3 class=\"wp-block-heading\">Vantaggi del cruscotto e delle analisi di Waizy.Pro<\/h3>\n\n<ol class=\"wp-block-list\">\n<li><strong>Ottimizza le esperienze dei clienti<\/strong><br\/>Analizza il modo in cui i clienti si relazionano con il tuo marchio, identifica le potenziali aree di miglioramento e migliora continuamente il customer journey.<\/li>\n\n\n\n<li><strong>Prendi decisioni informate<\/strong><br\/>Grazie agli approfondimenti basati sui dati, il tuo team pu\u00f2 prendere decisioni strategiche pi\u00f9 velocemente, sia che si tratti di modificare le tattiche di marketing, migliorare l&#8217;assistenza ai clienti o perfezionare gli approcci alle vendite.<\/li>\n\n\n\n<li><strong>Aumenta i tassi di conversione<\/strong><br\/>Monitora quali interazioni favoriscono le conversioni, dai consigli sui prodotti alle offerte personalizzate, aiutandoti a perfezionare le strategie per migliorare i risultati.<\/li>\n\n\n\n<li><strong>Analytics collaborativo<\/strong><br\/>Condividi facilmente le informazioni grazie alle opzioni di reportistica ed esportazione integrate, consentendo ai team di vendita, assistenza e marketing di rimanere allineati e informati.<\/li>\n<\/ol>\n\n<h3 class=\"wp-block-heading\">Domande frequenti su Dashboard e Analytics<\/h3>\n\n<p><strong>D: Posso personalizzare la dashboard per monitorare metriche specifiche?<\/strong><br\/>R: Assolutamente s\u00ec! La Dashboard &amp; Analytics di Waizy.Pro \u00e8 completamente personalizzabile e ti permette di dare priorit\u00e0 alle metriche pi\u00f9 importanti per la tua attivit\u00e0. <\/p>\n\n<p><strong>D: Come funziona l&#8217;analisi del sentiment in Waizy.Pro?<\/strong><br\/>R: L&#8217;analisi del sentimento utilizza l&#8217;intelligenza artificiale per valutare il tono emotivo delle interazioni con i clienti, aiutandoti a capire il sentimento dei clienti in un colpo d&#8217;occhio.<\/p>\n\n<p><strong>D: Posso esportare i rapporti dalla Dashboard?<\/strong><br\/>R: S\u00ec, tutti i report sono scaricabili, il che rende facile la condivisione delle informazioni e la collaborazione tra i vari team.<\/p>\n\n<h3 class=\"wp-block-heading\">Inizia a ottenere risultati con il cruscotto e le analisi di Waizy.Pro<\/h3>\n\n<p>Ottieni le informazioni necessarie per affinare le tue strategie, migliorare la soddisfazione dei clienti e aumentare le conversioni. Con la Dashboard &amp; Analytics di Waizy.Pro, i tuoi dati diventano un potente strumento di crescita. <\/p>\n\n<p><strong>Sei pronto a sbloccare tutto il potenziale dei tuoi dati? [Richiedi una demo oggi stesso]<\/strong><\/p>\n","protected":false},"featured_media":0,"template":"","meta":{"site-sidebar-layout":"default","site-content-layout":"","ast-site-content-layout":"default","site-content-style":"default","site-sidebar-style":"default","ast-global-header-display":"","ast-banner-title-visibility":"","ast-main-header-display":"","ast-hfb-above-header-display":"","ast-hfb-below-header-display":"","ast-hfb-mobile-header-display":"","site-post-title":"","ast-breadcrumbs-content":"","ast-featured-img":"","footer-sml-layout":"","ast-disable-related-posts":"","theme-transparent-header-meta":"default","adv-header-id-meta":"","stick-header-meta":"default","header-above-stick-meta":"","header-main-stick-meta":"","header-below-stick-meta":"","astra-migrate-meta-layouts":"default","ast-page-background-enabled":"default","ast-page-background-meta":{"desktop":{"background-color":"var(--ast-global-color-4)","background-image":"","background-repeat":"repeat","background-position":"center center","background-size":"auto","background-attachment":"scroll","background-type":"","background-media":"","overlay-type":"","overlay-color":"","overlay-opacity":"","overlay-gradient":""},"tablet":{"background-color":"","background-image":"","background-repeat":"repeat","background-position":"center center","background-size":"auto","background-attachment":"scroll","background-type":"","background-media":"","overlay-type":"","overlay-color":"","overlay-opacity":"","overlay-gradient":""},"mobile":{"background-color":"","background-image":"","background-repeat":"repeat","background-position":"center center","background-size":"auto","background-attachment":"scroll","background-type":"","background-media":"","overlay-type":"","overlay-color":"","overlay-opacity":"","overlay-gradient":""}},"ast-content-background-meta":{"desktop":{"background-color":"var(--ast-global-color-5)","background-image":"","background-repeat":"repeat","background-position":"center center","background-size":"auto","background-attachment":"scroll","background-type":"","background-media":"","overlay-type":"","overlay-color":"","overlay-opacity":"","overlay-gradient":""},"tablet":{"background-color":"var(--ast-global-color-5)","background-image":"","background-repeat":"repeat","background-position":"center center","background-size":"auto","background-attachment":"scroll","background-type":"","background-media":"","overlay-type":"","overlay-color":"","overlay-opacity":"","overlay-gradient":""},"mobile":{"background-color":"var(--ast-global-color-5)","background-image":"","background-repeat":"repeat","background-position":"center center","background-size":"auto","background-attachment":"scroll","background-type":"","background-media":"","overlay-type":"","overlay-color":"","overlay-opacity":"","overlay-gradient":""}}},"class_list":["post-679","product","type-product","status-publish","hentry"],"_links":{"self":[{"href":"https:\/\/waizy.pro\/it\/wp-json\/wp\/v2\/product\/679","targetHints":{"allow":["GET"]}}],"collection":[{"href":"https:\/\/waizy.pro\/it\/wp-json\/wp\/v2\/product"}],"about":[{"href":"https:\/\/waizy.pro\/it\/wp-json\/wp\/v2\/types\/product"}],"version-history":[{"count":2,"href":"https:\/\/waizy.pro\/it\/wp-json\/wp\/v2\/product\/679\/revisions"}],"predecessor-version":[{"id":2457,"href":"https:\/\/waizy.pro\/it\/wp-json\/wp\/v2\/product\/679\/revisions\/2457"}],"wp:attachment":[{"href":"https:\/\/waizy.pro\/it\/wp-json\/wp\/v2\/media?parent=679"}],"curies":[{"name":"wp","href":"https:\/\/api.w.org\/{rel}","templated":true}]}}