{"id":681,"date":"2024-11-05T15:36:35","date_gmt":"2024-11-05T14:36:35","guid":{"rendered":"https:\/\/wizy.pro\/product\/integrazioni\/"},"modified":"2025-09-19T14:29:27","modified_gmt":"2025-09-19T13:29:27","slug":"integrazioni","status":"publish","type":"product","link":"https:\/\/waizy.pro\/it\/product\/integrazioni\/","title":{"rendered":"Integrazioni"},"content":{"rendered":"\n<p><strong>Integrazioni: Connetti Waizy.Pro con i tuoi strumenti esistenti per un flusso di dati senza interruzioni<\/strong><\/p>\n\n<p>Massimizza la potenza degli agenti di vendita AI e del Brand Hub di Waizy.Pro integrandoli con lo stack tecnologico esistente. Waizy.Pro offre integrazioni perfette con le principali piattaforme, tra cui eCommerce, CRM, ERP e altre ancora, per garantire un&#8217;esperienza cliente unificata e una gestione centralizzata dei dati. Sfrutta appieno il potenziale dei tuoi dati e migliora le interazioni con i clienti collegando Waizy.Pro agli strumenti su cui gi\u00e0 fai affidamento.  <\/p>\n\n<h3 class=\"wp-block-heading\">Perch\u00e9 integrarsi con Waizy.Pro?<\/h3>\n\n<p><strong>Dati unificati per un coinvolgimento pi\u00f9 intelligente dei clienti<\/strong><br\/>Le integrazioni di Waizy.Pro consentono alle aziende di collegare i loro sistemi e centralizzare i dati dei clienti senza alcuno sforzo. Grazie all&#8217;integrazione con piattaforme essenziali, Waizy.Pro garantisce che i tuoi agenti dotati di intelligenza artificiale abbiano accesso a informazioni aggiornate, creando un&#8217;esperienza pi\u00f9 reattiva e personalizzata per i tuoi clienti. <\/p>\n\n<h3 class=\"wp-block-heading\">Capacit\u00e0 di integrazione chiave<\/h3>\n\n<ol class=\"wp-block-list\">\n<li><strong>Integrazioni eCommerce<\/strong>\n<ul class=\"wp-block-list\">\n<li><strong>Piattaforme supportate:<\/strong> Shopify, WooCommerce, Magento e altre ancora.<\/li>\n\n\n\n<li>Sincronizza i cataloghi dei prodotti, la cronologia degli ordini e i profili dei clienti direttamente in Waizy.Pro, consentendo agli agenti di vendita AI di offrire raccomandazioni personalizzate e opportunit\u00e0 di cross-selling.<\/li>\n<\/ul>\n<\/li>\n\n\n\n<li><strong>Integrazioni CRM<\/strong>\n<ul class=\"wp-block-list\">\n<li><strong>Piattaforme supportate:<\/strong> Salesforce, HubSpot, Zoho CRM e altre.<\/li>\n\n\n\n<li>Porta i dati del CRM in Waizy.Pro per fornire ai tuoi agenti AI preziose informazioni sui clienti e consentire interazioni pi\u00f9 informate e contestuali.<\/li>\n<\/ul>\n<\/li>\n\n\n\n<li><strong>Integrazioni ERP<\/strong>\n<ul class=\"wp-block-list\">\n<li><strong>Piattaforme supportate:<\/strong> SAP, Microsoft Dynamics, Oracle e ERP personalizzati.<\/li>\n\n\n\n<li>Connetti i dati ERP per gestire senza problemi l&#8217;inventario, la tracciabilit\u00e0 degli ordini e gli aggiornamenti degli account dei clienti direttamente all&#8217;interno della tua configurazione di intelligenza artificiale conversazionale.<\/li>\n<\/ul>\n<\/li>\n\n\n\n<li><strong>Piattaforme di assistenza clienti<\/strong>\n<ul class=\"wp-block-list\">\n<li><strong>Piattaforme supportate:<\/strong> Zendesk, Freshdesk e altri sistemi di assistenza pi\u00f9 diffusi.<\/li>\n\n\n\n<li>Integra i dati dell&#8217;assistenza per semplificare le richieste dei clienti, consentendo a Waizy.Pro di fornire assistenza per le domande frequenti, la verifica dello stato dell&#8217;ordine e la risoluzione dei problemi di base.<\/li>\n<\/ul>\n<\/li>\n\n\n\n<li><strong>Automazione del marketing<\/strong>\n<ul class=\"wp-block-list\">\n<li><strong>Piattaforme supportate:<\/strong> Mailchimp, Klaviyo, Marketo e altre ancora.<\/li>\n\n\n\n<li>Sincronizza i dati di marketing per ottenere interazioni mirate con i clienti, consentendo agli agenti dell&#8217;IA di coinvolgere i clienti con offerte e informazioni pertinenti e tempestive.<\/li>\n<\/ul>\n<\/li>\n<\/ol>\n\n<h3 class=\"wp-block-heading\">I vantaggi dell&#8217;integrazione di Waizy.Pro con i tuoi sistemi<\/h3>\n\n<ol class=\"wp-block-list\">\n<li><strong>Profili dei clienti migliorati<\/strong><br\/>Grazie alla condivisione dei dati senza soluzione di continuit\u00e0, Waizy.Pro crea profili completi e aggiornati per ciascun cliente, dando vita a raccomandazioni pi\u00f9 accurate e interazioni personalizzate.<\/li>\n\n\n\n<li><strong>Operazioni semplificate<\/strong><br\/>Evita i silos di dati e l&#8217;inserimento manuale dei dati collegando Waizy.Pro al tuo stack tecnologico, facendo risparmiare tempo al tuo team e garantendo coerenza tra le varie piattaforme.<\/li>\n\n\n\n<li><strong>Miglioramento dell&#8217;esperienza del cliente<\/strong><br\/>L&#8217;accesso ai dati in tempo reale permette agli agenti AI di Waizy.Pro di rispondere in modo pi\u00f9 preciso ed efficiente, offrendo un&#8217;esperienza senza attriti che aumenta la soddisfazione del cliente.<\/li>\n\n\n\n<li><strong>Maggiore efficienza tra i team<\/strong><br\/>Quando Waizy.Pro si sincronizza con le piattaforme CRM, ERP e di assistenza, i team di vendita, marketing e assistenza possono accedere a informazioni centralizzate, garantendo un approccio unificato al coinvolgimento dei clienti.<\/li>\n<\/ol>\n\n<h3 class=\"wp-block-heading\">Domande frequenti sulle integrazioni di Waizy.Pro<\/h3>\n\n<p><strong>D: Quanto tempo ci vuole per integrare Waizy.Pro con la mia piattaforma CRM o di e-commerce?<\/strong><br\/>R: L&#8217;integrazione \u00e8 rapida e semplice: la maggior parte delle configurazioni richiede solo poche ore. Il nostro team di supporto \u00e8 a disposizione per assisterti in tutte le configurazioni specifiche di cui potresti aver bisogno. <\/p>\n\n<p><strong>D: Cosa succede se la mia piattaforma non \u00e8 presente nell&#8217;elenco?<\/strong><br\/>R: Waizy.Pro offre opzioni di integrazione personalizzate e il nostro team pu\u00f2 collaborare con te per collegare qualsiasi piattaforma esclusiva attraverso le nostre API aperte.<\/p>\n\n<p><strong>D: I miei dati sono al sicuro durante l&#8217;integrazione?<\/strong><br\/>R: S\u00ec. Waizy.Pro d\u00e0 priorit\u00e0 alla sicurezza dei dati con il trasferimento crittografato dei dati e un rigoroso controllo degli accessi per garantire la conformit\u00e0 e la sicurezza. <\/p>\n\n<h3 class=\"wp-block-heading\">Potenzia le tue interazioni con i clienti con le integrazioni di Waizy.Pro<\/h3>\n\n<p>Connetti Waizy.Pro ai tuoi sistemi esistenti e osserva come i tuoi contatti con i clienti basati sull&#8217;intelligenza artificiale diventino pi\u00f9 intelligenti, veloci e personalizzati. Trasforma la tua esperienza cliente integrandola con gli strumenti di cui ti fidi. <\/p>\n\n<p><strong>Sei pronto a unificare i tuoi dati per ottenere risultati migliori? [Richiedi una demo oggi stesso]<\/strong><\/p>\n","protected":false},"featured_media":0,"template":"","meta":{"site-sidebar-layout":"default","site-content-layout":"","ast-site-content-layout":"default","site-content-style":"default","site-sidebar-style":"default","ast-global-header-display":"","ast-banner-title-visibility":"","ast-main-header-display":"","ast-hfb-above-header-display":"","ast-hfb-below-header-display":"","ast-hfb-mobile-header-display":"","site-post-title":"","ast-breadcrumbs-content":"","ast-featured-img":"","footer-sml-layout":"","ast-disable-related-posts":"","theme-transparent-header-meta":"enabled","adv-header-id-meta":"","stick-header-meta":"enabled","header-above-stick-meta":"","header-main-stick-meta":"disabled","header-below-stick-meta":"","astra-migrate-meta-layouts":"default","ast-page-background-enabled":"default","ast-page-background-meta":{"desktop":{"background-color":"var(--ast-global-color-4)","background-image":"","background-repeat":"repeat","background-position":"center center","background-size":"auto","background-attachment":"scroll","background-type":"","background-media":"","overlay-type":"","overlay-color":"","overlay-opacity":"","overlay-gradient":""},"tablet":{"background-color":"","background-image":"","background-repeat":"repeat","background-position":"center center","background-size":"auto","background-attachment":"scroll","background-type":"","background-media":"","overlay-type":"","overlay-color":"","overlay-opacity":"","overlay-gradient":""},"mobile":{"background-color":"","background-image":"","background-repeat":"repeat","background-position":"center center","background-size":"auto","background-attachment":"scroll","background-type":"","background-media":"","overlay-type":"","overlay-color":"","overlay-opacity":"","overlay-gradient":""}},"ast-content-background-meta":{"desktop":{"background-color":"var(--ast-global-color-5)","background-image":"","background-repeat":"repeat","background-position":"center center","background-size":"auto","background-attachment":"scroll","background-type":"","background-media":"","overlay-type":"","overlay-color":"","overlay-opacity":"","overlay-gradient":""},"tablet":{"background-color":"var(--ast-global-color-5)","background-image":"","background-repeat":"repeat","background-position":"center center","background-size":"auto","background-attachment":"scroll","background-type":"","background-media":"","overlay-type":"","overlay-color":"","overlay-opacity":"","overlay-gradient":""},"mobile":{"background-color":"var(--ast-global-color-5)","background-image":"","background-repeat":"repeat","background-position":"center center","background-size":"auto","background-attachment":"scroll","background-type":"","background-media":"","overlay-type":"","overlay-color":"","overlay-opacity":"","overlay-gradient":""}}},"class_list":["post-681","product","type-product","status-publish","hentry"],"_links":{"self":[{"href":"https:\/\/waizy.pro\/it\/wp-json\/wp\/v2\/product\/681","targetHints":{"allow":["GET"]}}],"collection":[{"href":"https:\/\/waizy.pro\/it\/wp-json\/wp\/v2\/product"}],"about":[{"href":"https:\/\/waizy.pro\/it\/wp-json\/wp\/v2\/types\/product"}],"version-history":[{"count":2,"href":"https:\/\/waizy.pro\/it\/wp-json\/wp\/v2\/product\/681\/revisions"}],"predecessor-version":[{"id":2468,"href":"https:\/\/waizy.pro\/it\/wp-json\/wp\/v2\/product\/681\/revisions\/2468"}],"wp:attachment":[{"href":"https:\/\/waizy.pro\/it\/wp-json\/wp\/v2\/media?parent=681"}],"curies":[{"name":"wp","href":"https:\/\/api.w.org\/{rel}","templated":true}]}}