{"id":683,"date":"2024-11-05T14:00:18","date_gmt":"2024-11-05T13:00:18","guid":{"rendered":"https:\/\/wizy.pro\/product\/posta-in-arrivo-e-riepiloghi-ai\/"},"modified":"2025-09-19T14:29:10","modified_gmt":"2025-09-19T13:29:10","slug":"posta-in-arrivo-e-riepiloghi-ai","status":"publish","type":"product","link":"https:\/\/waizy.pro\/it\/product\/posta-in-arrivo-e-riepiloghi-ai\/","title":{"rendered":"Posta in arrivo e riepiloghi AI"},"content":{"rendered":"\n<p><strong>Inbox con riepiloghi AI: Conversazioni con i clienti semplificate e riassunti intelligenti<\/strong><\/p>\n\n<p>Gestisci le interazioni con i clienti senza sforzo con la casella di posta elettronica con riepiloghi AI di Waizy.Pro. Progettata per fornire una visione centralizzata di tutte le conversazioni, la nostra Inbox intelligente non solo tiene traccia di ogni interazione con i clienti, ma genera anche riepiloghi basati sull&#8217;intelligenza artificiale per una rapida comprensione e un follow-up efficiente. Semplifica l&#8217;assistenza clienti, migliora i tempi di risposta e accede a informazioni chiave, il tutto da un&#8217;unica dashboard intuitiva.  <\/p>\n\n<h3 class=\"wp-block-heading\">Perch\u00e9 utilizzare Inbox with AI Summaries di Waizy.Pro?<\/h3>\n\n<p><strong>Gestisci in modo efficiente le conversazioni con i clienti in tempo reale<\/strong><br\/>La funzione Inbox di Waizy.Pro garantisce che ogni conversazione con i clienti sia salvata, organizzata e facilmente accessibile. Grazie ai riepiloghi generati dall&#8217;intelligenza artificiale, avrai una rapida panoramica di ogni interazione, consentendo al tuo team di rimanere informato, rispondere pi\u00f9 velocemente e concentrarsi su ci\u00f2 che conta davvero: creare connessioni significative con i tuoi clienti. <\/p>\n\n<h3 class=\"wp-block-heading\">Caratteristiche principali di Inbox with AI Summaries<\/h3>\n\n<ol class=\"wp-block-list\">\n<li><strong>Hub di conversazione centralizzato<\/strong>\n<ul class=\"wp-block-list\">\n<li>Accedi a tutte le conversazioni con i clienti in un unico luogo, consentendo di tracciare e seguire le comunicazioni senza soluzione di continuit\u00e0.<\/li>\n\n\n\n<li>Visualizza la cronologia delle interazioni di ogni cliente per capire il contesto, assicurando un coinvolgimento coerente e personalizzato.<\/li>\n<\/ul>\n<\/li>\n\n\n\n<li><strong>Riassunti generati dall&#8217;intelligenza artificiale<\/strong>\n<ul class=\"wp-block-list\">\n<li>Ogni conversazione viene riassunta automaticamente dalla nostra IA avanzata, evidenziando i punti pi\u00f9 importanti, le richieste dei clienti e le informazioni utili.<\/li>\n\n\n\n<li>Comprendi rapidamente le esigenze e il sentiment dei clienti senza dover leggere lunghi registri di conversazione, consentendo al tuo team di prendere decisioni rapide e informate.<\/li>\n<\/ul>\n<\/li>\n\n\n\n<li><strong>Cronologia delle conversazioni ricercabile<\/strong>\n<ul class=\"wp-block-list\">\n<li>Individua facilmente le interazioni passate con una solida funzionalit\u00e0 di ricerca, utilizzando parole chiave, nomi di clienti o richieste di prodotti.<\/li>\n\n\n\n<li>Ottieni una visione completa del percorso di ogni cliente per capire meglio le sue preferenze e migliorare le interazioni future.<\/li>\n<\/ul>\n<\/li>\n\n\n\n<li><strong>Analisi del sentimento<\/strong>\n<ul class=\"wp-block-list\">\n<li>La nostra AI valuta il sentiment dei clienti in tempo reale, aiutando il tuo team a dare priorit\u00e0 alle risposte e ad adattare gli stili di comunicazione in base alle emozioni dei clienti.<\/li>\n\n\n\n<li>Utilizza le tendenze del sentiment per valutare la soddisfazione dei clienti e migliorare le strategie di assistenza.<\/li>\n<\/ul>\n<\/li>\n\n\n\n<li><strong>Integrazione perfetta con i sistemi CRM e di supporto<\/strong>\n<ul class=\"wp-block-list\">\n<li>Integrati con il CRM, l&#8217;ERP o le piattaforme di assistenza per mantenere i dati dei clienti sincronizzati e accessibili.<\/li>\n\n\n\n<li>Consente di passare dalle interazioni automatizzate a quelle umane senza soluzione di continuit\u00e0, garantendo un&#8217;assistenza coerente su tutti i canali.<\/li>\n<\/ul>\n<\/li>\n<\/ol>\n\n<h3 class=\"wp-block-heading\">I vantaggi della casella di posta di Waizy.Pro con i riassunti AI<\/h3>\n\n<ol class=\"wp-block-list\">\n<li><strong>Migliori tempi di risposta<\/strong><br\/>Grazie ai riepiloghi generati dall&#8217;intelligenza artificiale, il tuo team passa meno tempo ad analizzare la cronologia delle conversazioni e pi\u00f9 tempo a rispondere alle esigenze dei clienti, con tempi di risposta pi\u00f9 rapidi e clienti pi\u00f9 felici.<\/li>\n\n\n\n<li><strong>Migliore comprensione dei clienti<\/strong><br\/>Gli approfondimenti sintetici consentono al tuo team di comprendere rapidamente le esigenze, le preferenze e le interazioni precedenti di ciascun cliente, creando un&#8217;esperienza pi\u00f9 personalizzata.<\/li>\n\n\n\n<li><strong>Ottimizzazione dell&#8217;assistenza guidata dai dati<\/strong><br\/>Tracciando i riepiloghi delle conversazioni, il sentiment e gli argomenti pi\u00f9 comuni, puoi identificare le aree di miglioramento della tua strategia di assistenza clienti e migliorare continuamente la tua CX.<\/li>\n\n\n\n<li><strong>Collaborazione tra team semplificata<\/strong><br\/>La casella di posta condivisa assicura che tutti i membri del team possano accedere a informazioni e approfondimenti aggiornati sui clienti, consentendo un&#8217;assistenza coerente e collaborativa.<\/li>\n<\/ol>\n\n<h3 class=\"wp-block-heading\">Domande frequenti su Inbox con riassunti AI<\/h3>\n\n<p><strong>D: Quanto sono accurati i riassunti generati dall&#8217;intelligenza artificiale?<\/strong><br\/>R: I riepiloghi AI di Waizy.Pro sono estremamente accurati e catturano con precisione i punti chiave, le azioni e le richieste dei clienti. I riepiloghi vengono perfezionati nel tempo per garantire approfondimenti affidabili e attuabili. <\/p>\n\n<p><strong>D: Posso filtrare le conversazioni in base al sentimento?<\/strong><br\/>R: S\u00ec! La casella di posta di Waizy.Pro ti permette di filtrare le conversazioni in base al sentimento, in modo che il tuo team possa dare priorit\u00e0 alle interazioni in base alla soddisfazione del cliente e all&#8217;urgenza. <\/p>\n\n<p><strong>D: Inbox si integra con altre piattaforme?<\/strong><br\/>R: Assolutamente s\u00ec. Inbox di Waizy.Pro si integra perfettamente con le piattaforme CRM, ERP e di assistenza clienti per fornire una visione unificata dei clienti. <\/p>\n\n<h3 class=\"wp-block-heading\">Resta in cima alle conversazioni con i clienti con la casella di posta elettronica AI di Waizy.Pro<\/h3>\n\n<p>Inbox with AI Summaries di Waizy.Pro \u00e8 stato progettato per aiutare il tuo team a gestire le interazioni con i clienti in modo semplice, efficiente e approfondito. Tieni traccia di ogni conversazione, accedi a riepiloghi intelligenti e rispondi con il contesto e la comprensione che i tuoi clienti meritano. <\/p>\n\n<p><strong>Sei pronto a trasformare la tua esperienza di assistenza clienti? [Richiedi una demo oggi stesso]<\/strong><\/p>\n","protected":false},"featured_media":0,"template":"","meta":{"site-sidebar-layout":"default","site-content-layout":"","ast-site-content-layout":"default","site-content-style":"default","site-sidebar-style":"default","ast-global-header-display":"","ast-banner-title-visibility":"","ast-main-header-display":"","ast-hfb-above-header-display":"","ast-hfb-below-header-display":"","ast-hfb-mobile-header-display":"","site-post-title":"","ast-breadcrumbs-content":"","ast-featured-img":"","footer-sml-layout":"","ast-disable-related-posts":"","theme-transparent-header-meta":"","adv-header-id-meta":"","stick-header-meta":"","header-above-stick-meta":"","header-main-stick-meta":"","header-below-stick-meta":"","astra-migrate-meta-layouts":"default","ast-page-background-enabled":"default","ast-page-background-meta":{"desktop":{"background-color":"var(--ast-global-color-4)","background-image":"","background-repeat":"repeat","background-position":"center center","background-size":"auto","background-attachment":"scroll","background-type":"","background-media":"","overlay-type":"","overlay-color":"","overlay-opacity":"","overlay-gradient":""},"tablet":{"background-color":"","background-image":"","background-repeat":"repeat","background-position":"center center","background-size":"auto","background-attachment":"scroll","background-type":"","background-media":"","overlay-type":"","overlay-color":"","overlay-opacity":"","overlay-gradient":""},"mobile":{"background-color":"","background-image":"","background-repeat":"repeat","background-position":"center center","background-size":"auto","background-attachment":"scroll","background-type":"","background-media":"","overlay-type":"","overlay-color":"","overlay-opacity":"","overlay-gradient":""}},"ast-content-background-meta":{"desktop":{"background-color":"var(--ast-global-color-5)","background-image":"","background-repeat":"repeat","background-position":"center center","background-size":"auto","background-attachment":"scroll","background-type":"","background-media":"","overlay-type":"","overlay-color":"","overlay-opacity":"","overlay-gradient":""},"tablet":{"background-color":"var(--ast-global-color-5)","background-image":"","background-repeat":"repeat","background-position":"center center","background-size":"auto","background-attachment":"scroll","background-type":"","background-media":"","overlay-type":"","overlay-color":"","overlay-opacity":"","overlay-gradient":""},"mobile":{"background-color":"var(--ast-global-color-5)","background-image":"","background-repeat":"repeat","background-position":"center center","background-size":"auto","background-attachment":"scroll","background-type":"","background-media":"","overlay-type":"","overlay-color":"","overlay-opacity":"","overlay-gradient":""}}},"class_list":["post-683","product","type-product","status-publish","hentry"],"_links":{"self":[{"href":"https:\/\/waizy.pro\/it\/wp-json\/wp\/v2\/product\/683","targetHints":{"allow":["GET"]}}],"collection":[{"href":"https:\/\/waizy.pro\/it\/wp-json\/wp\/v2\/product"}],"about":[{"href":"https:\/\/waizy.pro\/it\/wp-json\/wp\/v2\/types\/product"}],"version-history":[{"count":4,"href":"https:\/\/waizy.pro\/it\/wp-json\/wp\/v2\/product\/683\/revisions"}],"predecessor-version":[{"id":2467,"href":"https:\/\/waizy.pro\/it\/wp-json\/wp\/v2\/product\/683\/revisions\/2467"}],"wp:attachment":[{"href":"https:\/\/waizy.pro\/it\/wp-json\/wp\/v2\/media?parent=683"}],"curies":[{"name":"wp","href":"https:\/\/api.w.org\/{rel}","templated":true}]}}