{"id":685,"date":"2024-10-26T02:57:42","date_gmt":"2024-10-26T01:57:42","guid":{"rendered":"https:\/\/wizy.pro\/product\/ia-conversazionale\/"},"modified":"2025-09-19T14:28:43","modified_gmt":"2025-09-19T13:28:43","slug":"ia-conversazionale","status":"publish","type":"product","link":"https:\/\/waizy.pro\/it\/product\/ia-conversazionale\/","title":{"rendered":"IA conversazionale"},"content":{"rendered":"\n<p><strong>Intelligenza artificiale conversazionale: migliorare il coinvolgimento dei clienti con interazioni intelligenti in tempo reale<\/strong><\/p>\n\n<p>In un mondo digitale in cui l&#8217;esperienza del cliente definisce il successo del marchio, l&#8217;AI conversazionale di Waizy.Pro offre un approccio rivoluzionario al coinvolgimento dei clienti. Grazie alle interazioni all&#8217;avanguardia guidate dall&#8217;intelligenza artificiale e alimentate da ChatGPT e Vertex AI di Google, Waizy.Pro consente alla tua azienda di offrire conversazioni personalizzate e consapevoli del contesto che superano le aspettative dei clienti e portano risultati. <\/p>\n\n<h3 class=\"wp-block-heading\">Cos&#8217;\u00e8 l&#8217;intelligenza artificiale conversazionale?<\/h3>\n\n<p>L&#8217;IA conversazionale \u00e8 una miscela di tecnologie avanzate di elaborazione del linguaggio naturale (NLP), apprendimento automatico e apprendimento profondo che consentono agli agenti digitali di comprendere e coinvolgere i clienti in conversazioni simili a quelle umane. A differenza dei chatbot tradizionali, l&#8217;IA conversazionale di Waizy.Pro interpreta il contesto, l&#8217;intento e persino il sentiment, rendendo ogni interazione unica come il tuo cliente. <\/p>\n\n<h3 class=\"wp-block-heading\">Perch\u00e9 scegliere l&#8217;intelligenza artificiale conversazionale di Waizy.Pro?<\/h3>\n\n<ol class=\"wp-block-list\">\n<li><strong>Esperienze umane per i clienti<\/strong><br\/>Grazie alla tecnologia AI leader del settore, la nostra AI conversazionale crea interazioni che sembrano personali, naturali e di supporto. Questo significa niente pi\u00f9 risposte frustranti e robotiche, ma solo conversazioni fluide e intelligenti che rafforzano il rapporto del tuo marchio con i clienti. <\/li>\n\n\n\n<li><strong>Disponibilit\u00e0 24\/7 con risposte in tempo reale<\/strong><br\/>Soddisfa i tuoi clienti ogni volta che si rivolgono a te. Con l&#8217;intelligenza artificiale conversazionale di Waizy.Pro, il tuo marchio pu\u00f2 offrire assistenza e guida istantanea, assicurando che i clienti ricevano l&#8217;aiuto di cui hanno bisogno sempre e ovunque. <\/li>\n\n\n\n<li><strong>Coinvolgimento scalabile e adattabile<\/strong><br\/>Sia che tu stia gestendo centinaia o migliaia di richieste, l&#8217;intelligenza artificiale conversazionale di Waizy.Pro \u00e8 in grado di scalare con la tua azienda, adattandosi alle diverse esigenze dei clienti in termini di assistenza, vendite e marketing personalizzato.<\/li>\n<\/ol>\n\n<h3 class=\"wp-block-heading\">Come funziona l&#8217;intelligenza artificiale conversazionale<\/h3>\n\n<ol class=\"wp-block-list\">\n<li><strong>Comprensione del linguaggio naturale (NLU)<\/strong>\n<ul class=\"wp-block-list\">\n<li>L&#8217;AI conversazionale di Waizy.Pro utilizza l&#8217;NLU per comprendere le richieste dei clienti, analizzando le parole chiave, il contesto e persino il sentiment per rispondere in modo accurato.<\/li>\n\n\n\n<li>Grazie alla profonda comprensione delle intenzioni dei clienti, l&#8217;intelligenza artificiale pu\u00f2 gestire richieste complesse e in pi\u00f9 fasi senza perdere di vista il contesto.<\/li>\n<\/ul>\n<\/li>\n\n\n\n<li><strong>Risposte personalizzate<\/strong>\n<ul class=\"wp-block-list\">\n<li>Integrata con Brand Hub, l&#8217;intelligenza artificiale conversazionale utilizza i dati di prima parte per fornire risposte personalizzate in base al profilo e alle preferenze di ciascun cliente.<\/li>\n\n\n\n<li>Dai consigli personalizzati sui prodotti alle offerte su misura, ogni interazione \u00e8 ottimizzata per essere pertinente.<\/li>\n<\/ul>\n<\/li>\n\n\n\n<li><strong>Apprendimento continuo<\/strong>\n<ul class=\"wp-block-list\">\n<li>Grazie all&#8217;apprendimento automatico, l&#8217;IA conversazionale di Waizy.Pro migliora continuamente analizzando le interazioni passate, affinando le risposte e diventando pi\u00f9 intelligente nel tempo.<\/li>\n\n\n\n<li>Ci\u00f2 significa che il tuo coinvolgimento dei clienti con l&#8217;intelligenza artificiale non potr\u00e0 che migliorare e diventare pi\u00f9 efficiente man mano che imparer\u00e0 da ogni conversazione.<\/li>\n<\/ul>\n<\/li>\n<\/ol>\n\n<h3 class=\"wp-block-heading\">Caratteristiche principali dell&#8217;intelligenza artificiale conversazionale di Waizy.Pro<\/h3>\n\n<ul class=\"wp-block-list\">\n<li><strong>Conversazioni consapevoli del contesto<\/strong>\n<ul class=\"wp-block-list\">\n<li>A differenza dei chatbot generici, la nostra IA conversazionale si adatta al flusso della conversazione, garantendo continuit\u00e0 e rilevanza in ogni scambio.<\/li>\n<\/ul>\n<\/li>\n\n\n\n<li><strong>Integrazione multipiattaforma<\/strong>\n<ul class=\"wp-block-list\">\n<li>Integrazione perfetta con CRM, ERP e altri sistemi per raccogliere i dati essenziali dei clienti e arricchire ogni conversazione.<\/li>\n<\/ul>\n<\/li>\n\n\n\n<li><strong>Supporto multilingue<\/strong>\n<ul class=\"wp-block-list\">\n<li>Coinvolgi i clienti nella loro lingua preferita grazie all&#8217;assistenza multilingue, assicurando un&#8217;esperienza coerente a livello globale.<\/li>\n<\/ul>\n<\/li>\n\n\n\n<li><strong>Raccomandazioni potenziate dall&#8217;intelligenza artificiale<\/strong>\n<ul class=\"wp-block-list\">\n<li>Sfrutta l&#8217;apprendimento automatico di Google per consigliare prodotti basati sulla cronologia di navigazione, sugli acquisti passati e sulle preferenze individuali.<\/li>\n<\/ul>\n<\/li>\n<\/ul>\n\n<h3 class=\"wp-block-heading\">I vantaggi dell&#8217;intelligenza artificiale conversazionale di Waizy.Pro<\/h3>\n\n<ol class=\"wp-block-list\">\n<li><strong>Maggiore soddisfazione dei clienti<\/strong><br\/>Interazioni pertinenti e in tempo reale significano che i clienti ricevono pi\u00f9 rapidamente l&#8217;assistenza di cui hanno bisogno, con conseguente miglioramento della soddisfazione e della fedelt\u00e0.<\/li>\n\n\n\n<li><strong>Maggiore efficienza per i team di vendita e assistenza<\/strong><br\/>Automatizza le risposte alle domande pi\u00f9 comuni, liberando i team di assistenza e vendita per gestire casi pi\u00f9 complessi e attivit\u00e0 strategiche.<\/li>\n\n\n\n<li><strong>Migliori tassi di conversione<\/strong><br\/>Grazie a consigli intelligenti e personalizzati, l&#8217;intelligenza artificiale conversazionale trasforma i visitatori occasionali in clienti fedeli, aumentando i tassi di conversione complessivi.<\/li>\n\n\n\n<li><strong>Ottimizzazione guidata dagli insight<\/strong><br\/>Accedi agli analytics delle conversazioni per monitorare le tendenze, le domande pi\u00f9 frequenti e il sentiment dei clienti, consentendoti di perfezionare continuamente il tuo approccio.<\/li>\n<\/ol>\n\n<h3 class=\"wp-block-heading\">Domande frequenti sull&#8217;IA conversazionale<\/h3>\n\n<p><strong>D: In cosa si differenzia l&#8217;intelligenza artificiale conversazionale da un chatbot standard?<\/strong><br\/>R: Mentre i chatbot spesso seguono risposte scriptate, l&#8217;IA conversazionale di Waizy.Pro utilizza NLU e machine learning avanzati per interpretare le domande dei clienti con precisione, contesto e pertinenza.<\/p>\n\n<p><strong>D: L&#8217;intelligenza artificiale conversazionale \u00e8 personalizzabile per adattarsi al tono del mio marchio?<\/strong><br\/>R: S\u00ec! L&#8217;intelligenza artificiale conversazionale di Waizy.Pro pu\u00f2 essere personalizzata in modo da riflettere la voce del tuo marchio, assicurando coerenza nelle interazioni con i clienti. <\/p>\n\n<p><strong>D: L&#8217;intelligenza artificiale conversazionale pu\u00f2 gestire pi\u00f9 lingue?<\/strong><br\/>R: Assolutamente s\u00ec. L&#8217;intelligenza artificiale conversazionale di Waizy.Pro offre un supporto multilingue che la rende ideale per i marchi con una base di clienti globale. <\/p>\n\n<h3 class=\"wp-block-heading\">Porta il coinvolgimento dei clienti al livello successivo con l&#8217;intelligenza artificiale conversazionale<\/h3>\n\n<p>L&#8217;intelligenza artificiale conversazionale di Waizy.Pro \u00e8 pi\u00f9 di uno strumento di assistenza: \u00e8 una soluzione completa per l&#8217;esperienza del cliente. Aumenta la soddisfazione, la fedelt\u00e0 e le conversioni con interazioni intelligenti e simili a quelle umane che mantengono il tuo marchio in contatto con i clienti 24 ore su 24, 7 giorni su 7. <\/p>\n\n<p><strong>Sei pronto a sperimentare il futuro del coinvolgimento dei clienti? [Richiedi una demo oggi stesso]<\/strong><\/p>\n","protected":false},"featured_media":0,"template":"","meta":{"site-sidebar-layout":"default","site-content-layout":"","ast-site-content-layout":"default","site-content-style":"default","site-sidebar-style":"default","ast-global-header-display":"","ast-banner-title-visibility":"","ast-main-header-display":"","ast-hfb-above-header-display":"","ast-hfb-below-header-display":"","ast-hfb-mobile-header-display":"","site-post-title":"","ast-breadcrumbs-content":"","ast-featured-img":"","footer-sml-layout":"","ast-disable-related-posts":"","theme-transparent-header-meta":"","adv-header-id-meta":"","stick-header-meta":"","header-above-stick-meta":"","header-main-stick-meta":"","header-below-stick-meta":"","astra-migrate-meta-layouts":"default","ast-page-background-enabled":"default","ast-page-background-meta":{"desktop":{"background-color":"var(--ast-global-color-4)","background-image":"","background-repeat":"repeat","background-position":"center center","background-size":"auto","background-attachment":"scroll","background-type":"","background-media":"","overlay-type":"","overlay-color":"","overlay-opacity":"","overlay-gradient":""},"tablet":{"background-color":"","background-image":"","background-repeat":"repeat","background-position":"center center","background-size":"auto","background-attachment":"scroll","background-type":"","background-media":"","overlay-type":"","overlay-color":"","overlay-opacity":"","overlay-gradient":""},"mobile":{"background-color":"","background-image":"","background-repeat":"repeat","background-position":"center center","background-size":"auto","background-attachment":"scroll","background-type":"","background-media":"","overlay-type":"","overlay-color":"","overlay-opacity":"","overlay-gradient":""}},"ast-content-background-meta":{"desktop":{"background-color":"var(--ast-global-color-5)","background-image":"","background-repeat":"repeat","background-position":"center center","background-size":"auto","background-attachment":"scroll","background-type":"","background-media":"","overlay-type":"","overlay-color":"","overlay-opacity":"","overlay-gradient":""},"tablet":{"background-color":"var(--ast-global-color-5)","background-image":"","background-repeat":"repeat","background-position":"center center","background-size":"auto","background-attachment":"scroll","background-type":"","background-media":"","overlay-type":"","overlay-color":"","overlay-opacity":"","overlay-gradient":""},"mobile":{"background-color":"var(--ast-global-color-5)","background-image":"","background-repeat":"repeat","background-position":"center center","background-size":"auto","background-attachment":"scroll","background-type":"","background-media":"","overlay-type":"","overlay-color":"","overlay-opacity":"","overlay-gradient":""}}},"class_list":["post-685","product","type-product","status-publish","hentry"],"_links":{"self":[{"href":"https:\/\/waizy.pro\/it\/wp-json\/wp\/v2\/product\/685","targetHints":{"allow":["GET"]}}],"collection":[{"href":"https:\/\/waizy.pro\/it\/wp-json\/wp\/v2\/product"}],"about":[{"href":"https:\/\/waizy.pro\/it\/wp-json\/wp\/v2\/types\/product"}],"version-history":[{"count":4,"href":"https:\/\/waizy.pro\/it\/wp-json\/wp\/v2\/product\/685\/revisions"}],"predecessor-version":[{"id":2466,"href":"https:\/\/waizy.pro\/it\/wp-json\/wp\/v2\/product\/685\/revisions\/2466"}],"wp:attachment":[{"href":"https:\/\/waizy.pro\/it\/wp-json\/wp\/v2\/media?parent=685"}],"curies":[{"name":"wp","href":"https:\/\/api.w.org\/{rel}","templated":true}]}}